{"id":24,"date":"2025-03-13T13:55:49","date_gmt":"2025-03-13T12:55:49","guid":{"rendered":"https:\/\/luki-lichtwerbung.de\/?page_id=24"},"modified":"2026-01-20T12:32:21","modified_gmt":"2026-01-20T11:32:21","slug":"team","status":"publish","type":"page","link":"https:\/\/luki-lichtwerbung.de\/en\/team\/","title":{"rendered":"Team"},"content":{"rendered":"<div id=\"cs-content\" class=\"cs-content\"><div class=\"x-section e24-e1 mo-0 mo-1 mo-2 mo-3\"><div class=\"x-row e24-e2 mo-c mo-d mo-e mo-f mo-g mo-h mo-i mo-j mo-w mo-x\"><div class=\"x-bg\" aria-hidden=\"true\"><div class=\"x-bg-layer-lower-video\"><div  class=\"x-video player bg transparent hide-controls autoplay loop muted playsinline\" data-x-element-mejs=\"{&quot;poster&quot;:&quot;1094:full&quot;}\"  data-x-video-options='{\"pause_out_of_view\":false}'><script type=\"text\/template\"><div class=\"x-video-inner video\/mp4  transparent\"><video class=\"x-mejs has-stack-styles\" poster=\"1094:full\" preload=\"metadata\" autoplay loop muted playsinline><source src=\"https:\/\/luki-lichtwerbung.de\/wp-content\/uploads\/2026\/01\/team-luki_neu1.mp4\" type=\"video\/mp4\"><\/video><\/div><\/script><\/div><\/div><div class=\"x-bg-layer-upper-color\" style=\" background-color: rgba(3, 72, 119, 0.4);\"><\/div><\/div><div class=\"x-row-inner\"><div class=\"x-col e24-e3 mo-1f mo-1g mo-1h mo-1i mo-1j mo-1k\"><hr class=\"x-line e24-e4 mo-1q mo-1r mo-1s\"\/><hr class=\"x-line e24-e5 mo-1q mo-1r mo-1s\"\/><div class=\"x-text x-text-headline e24-e6 mo-1z mo-20 mo-21 mo-22 mo-23 mo-24 mo-25\"><div class=\"x-text-content\"><div class=\"x-text-content-text\"><span class=\"x-text-content-text-primary\">The team behind LUKI.<\/span>\n<\/div><\/div><\/div><div class=\"x-text x-content e24-e7 mo-2l mo-2m mo-2n mo-2o\">Together we design light \u2013 with expertise, precision, and passion.<\/div><\/div><\/div><\/div><\/div><div class=\"x-section e24-e8 mo-0 mo-3 mo-4 mo-5\"><div class=\"x-row x-container max width e24-e9 mo-e mo-f mo-g mo-h mo-i mo-j mo-k mo-l mo-w mo-y\"><div class=\"x-row-inner\"><div class=\"x-col e24-e10 mo-1f mo-1g mo-1h mo-1i mo-1j mo-1k\"><div class=\"x-text x-text-headline e24-e11 mo-1z mo-21 mo-22 mo-25 mo-26 mo-27 mo-28 mo-29\"><div class=\"x-text-content\"><div class=\"x-text-content-text\"><h2 class=\"x-text-content-text-primary\">Our team<\/h2>\n<\/div><\/div><\/div><\/div><\/div><\/div><\/div><div class=\"x-section e24-e12 mo-0 mo-1 mo-2 mo-3 mo-5 panda-border\"><div class=\"x-row e24-e13 mo-e mo-g mo-h mo-k mo-l mo-m mo-n mo-o mo-z mo-10\"><div class=\"x-row-inner\"><div class=\"x-col e24-e14 mo-1f mo-1g mo-1h mo-1i mo-1j mo-1l mo-1m\"><div class=\"x-text x-text-headline e24-e15 mo-1z mo-21 mo-24 mo-25 mo-26 mo-29 mo-2a mo-2b\"><div class=\"x-text-content\"><div class=\"x-text-content-text\"><h2 class=\"x-text-content-text-primary\">The heart of our organization\u2014the office team<\/h2>\n<\/div><\/div><\/div><div class=\"x-div e24-e16 mo-2x mo-2y\"><div class=\"x-text x-content e24-e17 mo-2l mo-2o mo-2p mo-2q mo-2r mo-2s\"><p data-start=\"77\" data-end=\"303\">In our bright, modern office, our team of ten ensures that everything runs smoothly behind the scenes. From customer service and quotation calculation to project coordination, this is where everything comes together.<\/p>\n<p data-start=\"305\" data-end=\"585\">With an open ear for our customers and a clear eye for organization and design, you are at the heart of our illuminated advertising projects. Working closely with production and assembly, the office team ensures that every advertising system is planned and implemented with precision.<\/p><\/div><\/div><\/div><div class=\"x-col e24-e18 mo-1i mo-1j mo-1k\"><span class=\"x-image e24-e19 mo-30\"><img decoding=\"async\" src=\"https:\/\/luki-lichtwerbung.de\/wp-content\/uploads\/2025\/10\/team-buero-1.webp\" width=\"768\" height=\"512\" alt=\"Image\" loading=\"lazy\"><\/span><\/div><\/div><\/div><\/div><div class=\"x-section e24-e20 mo-0 mo-3 mo-5 mo-6 mo-7\"><div class=\"x-row x-container max width e24-e21 mo-e mo-f mo-g mo-h mo-i mo-j mo-k mo-l mo-w mo-11\"><div class=\"x-row-inner\"><div class=\"x-col e24-e22 mo-1i mo-1j mo-1k\"><div class=\"section-connector-horizontal\">\n  <svg viewbox=\"0 0 400 100\" preserveaspectratio=\"none\">\n <path d=\"M400,0 C300,100 100,0 0,100\" stroke=\"#e84e0f\" stroke-width=\"2\" fill=\"none\"\/>\n  <\/svg>\n<\/div>\n<\/div><\/div><\/div><\/div><div class=\"x-section e24-e24 mo-0 mo-1 mo-2 mo-3 mo-5\"><div class=\"x-row e24-e25 mo-e mo-f mo-h mo-k mo-l mo-p mo-q mo-z mo-12\"><div class=\"x-row-inner\"><div class=\"x-col e24-e26 mo-1f mo-1g mo-1h mo-1i mo-1j mo-1l mo-1m\"><div class=\"x-text x-text-headline e24-e27 mo-1z mo-21 mo-24 mo-25 mo-26 mo-29 mo-2a mo-2b\"><div class=\"x-text-content\"><div class=\"x-text-content-text\"><h2 class=\"x-text-content-text-primary\">Precision in every detail \u2013 our production team<\/h2>\n<\/div><\/div><\/div><div class=\"x-div e24-e28 mo-2x mo-2y\"><div class=\"x-text x-content e24-e29 mo-2l mo-2n mo-2o mo-2p mo-2q mo-2s\"><p data-start=\"135\" data-end=\"374\">Our in-house production combines craftsmanship with state-of-the-art technology. Our production team transforms creative ideas into high-quality illuminated advertising with millimeter precision, reliability, and a passion for lighting solutions.<\/p>\n<p data-start=\"376\" data-end=\"702\">Here, we mill, weld, laser cut, bend, punch, paint, print, and laminate. Whether milling, wiring, or assembling complex lighting systems, every project is carried out with the utmost care. Finally, thorough quality control ensures that only perfect products leave our workshop.<\/p>\n<p data-start=\"704\" data-end=\"957\">Close coordination with the office and installation team ensures a smooth transition from planning to the finished advertising installation. Production is at the heart of our manufacturing process\u2014efficiently organized, clearly structured, and focused on the highest quality.<\/p><\/div><\/div><\/div><div class=\"x-col e24-e30 mo-1i mo-1j mo-1k\"><span class=\"x-image e24-e31 mo-30\"><img decoding=\"async\" src=\"https:\/\/luki-lichtwerbung.de\/wp-content\/uploads\/2025\/10\/team-produktion-schweissen.webp\" width=\"768\" height=\"512\" alt=\"Image\" loading=\"lazy\"><\/span><\/div><\/div><\/div><\/div><div class=\"x-section e24-e32 mo-0 mo-3 mo-5 mo-6 mo-7\"><div class=\"x-row x-container max width e24-e33 mo-e mo-f mo-g mo-h mo-i mo-j mo-k mo-l mo-w mo-13\"><div class=\"x-row-inner\"><div class=\"x-col e24-e34 mo-1i mo-1j mo-1k\"><div class=\"section-connector-horizontal\">\n  <svg viewbox=\"0 0 400 100\" preserveaspectratio=\"none\">\n    <path d=\"M0,0 C100,100 300,0 400,100\" stroke=\"#e84e0f\" stroke-width=\"2\" fill=\"none\"\/>\n  <\/svg>\n<\/div>\n<\/div><\/div><\/div><\/div><div class=\"x-section e24-e36 mo-0 mo-1 mo-2 mo-3 mo-5\"><div class=\"x-row e24-e37 mo-e mo-f mo-g mo-h mo-k mo-l mo-q mo-z mo-14\"><div class=\"x-row-inner\"><div class=\"x-col e24-e38 mo-1f mo-1g mo-1h mo-1i mo-1j mo-1l mo-1m\"><div class=\"x-text x-text-headline e24-e39 mo-1z mo-21 mo-24 mo-25 mo-26 mo-29 mo-2a mo-2b\"><div class=\"x-text-content\"><div class=\"x-text-content-text\"><h2 class=\"x-text-content-text-primary\">On site and ready to go \u2013 our installation team<\/h2>\n<\/div><\/div><\/div><div class=\"x-div e24-e40 mo-2x mo-2y\"><div class=\"x-text x-content e24-e41 mo-2l mo-2n mo-2o mo-2q mo-2s mo-2t\"><p data-start=\"161\" data-end=\"431\">When precision meets experience, our installation team springs into action. Whether it's illuminated advertising on the fa\u00e7ade, indoor signage systems, or complex lighting installations, our fitters ensure professional, safe, and on-time implementation directly at the customer's premises.<\/p>\n<p data-start=\"433\" data-end=\"678\">We assemble according to customer requirements. Thanks to our modern Sprinter vans, we always have the right materials with us. Safety is our top priority. We have our own health and safety coordinator, Luki himself.<\/p>\n<p data-start=\"680\" data-end=\"968\" data-is-last-node=\"\" data-is-only-node=\"\">Thanks to our technical expertise, modern equipment, and years of experience, we can master any challenge, even at great heights or under time pressure. This means that every illuminated advertising system is not only planned and produced, but also professionally installed, ensuring a perfect result in every respect.<\/p><\/div><\/div><\/div><div class=\"x-col e24-e42 mo-1i mo-1j mo-1k\"><span class=\"x-image e24-e43 mo-30\"><img decoding=\"async\" src=\"https:\/\/luki-lichtwerbung.de\/wp-content\/uploads\/2025\/10\/montage-luki-lichtwerbung-neu.webp\" width=\"768\" height=\"512\" alt=\"Image\" loading=\"lazy\"><\/span><\/div><\/div><\/div><\/div><div class=\"x-section e24-e44 mo-0 mo-3 mo-5 mo-6 mo-7\"><div class=\"section-connector-horizontal\">\n  <svg viewbox=\"0 0 400 100\" preserveaspectratio=\"none\">\n <path d=\"M400,0 C300,100 100,0 0,100\" stroke=\"#e84e0f\" stroke-width=\"2\" fill=\"none\"\/>\n  <\/svg>\n<\/div>\n<\/div><div class=\"x-section e24-e46 mo-0 mo-8\"><div class=\"x-bg\" aria-hidden=\"true\"><div class=\"x-bg-layer-lower-image\"><\/div><\/div><div class=\"x-row x-container max width e24-e47 mo-d mo-e mo-g mo-k mo-n mo-r mo-15\"><div class=\"x-bg\" aria-hidden=\"true\"><div class=\"x-bg-layer-lower-color\" style=\" background-color: #ffffff;\"><\/div><\/div><div class=\"x-row-inner\"><div class=\"x-col e24-e48 mo-1f mo-1i mo-1n mo-1o\"><div class=\"x-text x-text-headline e24-e49 mo-1z mo-21 mo-25 mo-26 mo-2a mo-2c mo-2d\"><div class=\"x-text-content\"><div class=\"x-text-content-text\"><h2 class=\"x-text-content-text-primary\">Contact<\/h2>\n<\/div><\/div><\/div><hr class=\"x-line e24-e50 mo-1r mo-1t mo-1u\"\/><div class=\"x-text x-text-headline has-graphic e24-e51 mo-1z mo-25 mo-26 mo-2a mo-2d mo-2e mo-2f\"><div class=\"x-text-content\"><span class=\"x-graphic\" aria-hidden=\"true\"><i class=\"x-icon x-graphic-child x-graphic-icon x-graphic-primary\" aria-hidden=\"true\" data-x-icon-l=\"&#xf5a0;\"><\/i><\/span><div class=\"x-text-content-text\"><span class=\"x-text-content-text-primary\"><p>LUKI GmbH & Co. KG<br \/>\nMoosbachstr. 16<br \/>\n74626 Bretzfeld-Schwabbach<\/p><\/span>\n<\/div><\/div><\/div><hr class=\"x-line e24-e52 mo-1r mo-1u mo-1v\"\/><a href=\"mailto:info@luki-gmbh.de\" class=\"x-text x-text-headline has-graphic e24-e53 mo-1z mo-25 mo-26 mo-2a mo-2d mo-2e mo-2f\"><div class=\"x-text-content\"><span class=\"x-graphic\" aria-hidden=\"true\"><i class=\"x-icon x-graphic-child x-graphic-icon x-graphic-primary\" aria-hidden=\"true\" data-x-icon-l=\"&#x40;\"><\/i><\/span><div class=\"x-text-content-text\"><span class=\"x-text-content-text-primary\">info@luki-gmbh.de<\/span>\n<\/div><\/div><\/a><hr class=\"x-line e24-e54 mo-1r mo-1u mo-1v\"\/><a href=\"tel:004979469476441\" class=\"x-text x-text-headline has-graphic e24-e55 mo-1z mo-25 mo-26 mo-2a mo-2d mo-2e mo-2f mo-2g\"><div class=\"x-text-content\"><span class=\"x-graphic\" aria-hidden=\"true\"><i class=\"x-icon x-graphic-child x-graphic-icon x-graphic-primary\" aria-hidden=\"true\" data-x-icon-l=\"&#xf2a0;\"><\/i><\/span><div class=\"x-text-content-text\"><span class=\"x-text-content-text-primary\">0049 7946 \/ 94 76 441<\/span>\n<\/div><\/div><\/a><hr class=\"x-line e24-e56 mo-1r mo-1u mo-1v\"\/><hr class=\"x-line e24-e57 mo-1r mo-1u mo-1w\"\/><\/div><div class=\"x-col e24-e58 mo-1i mo-1j mo-1l mo-1p\"><div class=\"x-text x-text-headline e24-e59 mo-1z mo-25 mo-26 mo-2a mo-2f mo-2h\"><div class=\"x-text-content\"><div class=\"x-text-content-text\"><span class=\"x-text-content-text-primary\">Would you like to join our team?<\/span>\n<\/div><\/div><\/div><div class=\"x-text x-content e24-e60 mo-2l mo-2r mo-2s mo-2u mo-2v\"><p>Just send us a message below!<\/p><\/div><hr class=\"x-line e24-e61 mo-1r mo-1u mo-1x\"\/><div class=\"x-form-integration x-form-integration-contact-form-7 e24-e62 mo-31\">\n<div class=\"wpcf7 no-js\" id=\"wpcf7-f152-o1\" lang=\"de-DE\" dir=\"ltr\" data-wpcf7-id=\"152\">\n<div class=\"screen-reader-response\"><p role=\"status\" aria-live=\"polite\" aria-atomic=\"true\"><\/p> <ul><\/ul><\/div>\n<form action=\"\/en\/wp-json\/wp\/v2\/pages\/24#wpcf7-f152-o1\" method=\"post\" class=\"wpcf7-form init\" aria-label=\"Kontaktformular\" novalidate=\"novalidate\" data-status=\"init\" data-trp-original-action=\"\/en\/wp-json\/wp\/v2\/pages\/24#wpcf7-f152-o1\">\n<fieldset class=\"hidden-fields-container\"><input type=\"hidden\" name=\"_wpcf7\" value=\"152\" \/><input type=\"hidden\" name=\"_wpcf7_version\" value=\"6.1.4\" \/><input type=\"hidden\" name=\"_wpcf7_locale\" value=\"de_DE\" \/><input type=\"hidden\" name=\"_wpcf7_unit_tag\" value=\"wpcf7-f152-o1\" \/><input type=\"hidden\" name=\"_wpcf7_container_post\" value=\"0\" \/><input type=\"hidden\" name=\"_wpcf7_posted_data_hash\" value=\"\" \/>\n<\/fieldset>\n<p><label> company<br \/>\n<span class=\"wpcf7-form-control-wrap\" data-name=\"your-company\"><input size=\"40\" maxlength=\"400\" class=\"wpcf7-form-control wpcf7-text\" autocomplete=\"firma\" aria-invalid=\"false\" value=\"\" type=\"text\" name=\"your-company\" \/><\/span><\/label>\n<\/p>\n<p><label> Name<br \/>\n<span class=\"wpcf7-form-control-wrap\" data-name=\"your-name\"><input size=\"40\" maxlength=\"400\" class=\"wpcf7-form-control wpcf7-text wpcf7-validates-as-required\" autocomplete=\"name\" aria-required=\"true\" aria-invalid=\"false\" value=\"\" type=\"text\" name=\"your-name\" \/><\/span> <\/label>\n<\/p>\n<p><label> email address<br \/>\n<span class=\"wpcf7-form-control-wrap\" data-name=\"your-email\"><input size=\"40\" maxlength=\"400\" class=\"wpcf7-form-control wpcf7-email wpcf7-validates-as-required wpcf7-text wpcf7-validates-as-email\" autocomplete=\"email\" aria-required=\"true\" aria-invalid=\"false\" value=\"\" type=\"email\" name=\"your-email\" \/><\/span> <\/label>\n<\/p>\n<p><label> Subject<br \/>\n<span class=\"wpcf7-form-control-wrap\" data-name=\"your-subject\"><input size=\"40\" maxlength=\"400\" class=\"wpcf7-form-control wpcf7-text wpcf7-validates-as-required\" aria-required=\"true\" aria-invalid=\"false\" value=\"\" type=\"text\" name=\"your-subject\" \/><\/span> <\/label>\n<\/p>\n<p><label> Message (optional)<br \/>\n<span class=\"wpcf7-form-control-wrap\" data-name=\"your-message\"><textarea cols=\"40\" rows=\"10\" maxlength=\"2000\" class=\"wpcf7-form-control wpcf7-textarea\" aria-invalid=\"false\" name=\"your-message\"><\/textarea><\/span> <\/label>\n<\/p>\n<p><input class=\"wpcf7-form-control wpcf7-submit has-spinner\" type=\"submit\" value=\"Senden\" \/>\n<\/p><div class=\"wpcf7-response-output\" aria-hidden=\"true\"><\/div>\n<input type=\"hidden\" name=\"trp-form-language\" value=\"en\"\/><\/form>\n<\/div>\n<\/div><hr class=\"x-line e24-e63 mo-1r mo-1u mo-1x\"\/><div class=\"x-text x-content e24-e64 mo-2l mo-2r mo-2u mo-2w\"><strong>***<\/strong> I have read and understood the <a href=\"https:\/\/#\/\">privacy policy<\/a> of Luki GmbH &amp; Co. KG. I agree that the data I have provided will be stored permanently for the purpose of contacting me and for any queries. I am aware that I can revoke my consent at any time with future effect.<\/div><\/div><\/div><\/div><\/div><div class=\"x-section e24-e141 mo-0 mo-1 mo-2 mo-3\"><div class=\"x-row e24-e142 mo-c mo-e mo-f mo-g mo-h mo-i mo-j mo-l mo-w mo-1e\"><div class=\"x-bg\" aria-hidden=\"true\"><div class=\"x-bg-layer-lower-image\" data-x-element-bg-layer=\"{&quot;parallaxSize&quot;:&quot;150%&quot;,&quot;parallaxDir&quot;:&quot;v&quot;,&quot;parallaxRev&quot;:false}\" style=\" background-image: url(https:\/\/luki-lichtwerbung.de\/wp-content\/uploads\/2025\/05\/placeholder-luki-gesamtes-team-scaled.webp); background-repeat: no-repeat; background-position: center; background-size: cover;\"><\/div><div class=\"x-bg-layer-upper-color\" style=\" background-color: rgba(3, 72, 119, 0.4);\"><\/div><\/div><div class=\"x-row-inner\"><div class=\"x-col e24-e143 mo-1i mo-1j mo-1k\"><hr class=\"x-line e24-e144 mo-1q mo-1r mo-1y\"\/><\/div><\/div><\/div><\/div><\/div>","protected":false},"excerpt":{"rendered":"<p>Das Team hinter LUKI. Gemeinsam gestalten wir Licht \u2013 mit Know-how, Pr\u00e4zision und Leidenschaft.Unser Team Das Herzst&uuml;ck unserer Organisation &#8211; Das B\u00fcroteam In unserem hellen, modernen B\u00fcro sorgt unser zehnk\u00f6pfiges Team f\u00fcr den reibungslosen Ablauf hinter den Kulissen. Von der Kundenbetreuung \u00fcber Angebotskalkulation bis zur Projektkoordination, hier laufen alle F\u00e4den zusammen. Mit einem offenen Ohr f\u00fcr unsere Kund*innen und einem &#8230; <\/p>\n<div><a href=\"https:\/\/luki-lichtwerbung.de\/en\/team\/\" class=\"more-link\">Read More<\/a><\/div>","protected":false},"author":1,"featured_media":0,"parent":0,"menu_order":0,"comment_status":"closed","ping_status":"closed","template":"template-blank-4.php","meta":{"footnotes":""},"class_list":["post-24","page","type-page","status-publish","hentry","no-post-thumbnail"],"yoast_head":"<!-- This site is optimized with the Yoast SEO plugin v26.8 - https:\/\/yoast.com\/product\/yoast-seo-wordpress\/ -->\n<title>Team - Lichtwerbung<\/title>\n<meta name=\"robots\" content=\"index, follow, max-snippet:-1, max-image-preview:large, max-video-preview:-1\" \/>\n<link rel=\"canonical\" href=\"https:\/\/luki-lichtwerbung.de\/en\/team\/\" \/>\n<meta property=\"og:locale\" content=\"en_US\" \/>\n<meta property=\"og:type\" content=\"article\" \/>\n<meta property=\"og:title\" content=\"Team - Lichtwerbung\" \/>\n<meta property=\"og:description\" content=\"Das Team hinter LUKI. Gemeinsam gestalten wir Licht \u2013 mit Know-how, Pr\u00e4zision und Leidenschaft.Unser Team Das Herzst&uuml;ck unserer Organisation - Das B\u00fcroteam In unserem hellen, modernen B\u00fcro sorgt unser zehnk\u00f6pfiges Team f\u00fcr den reibungslosen Ablauf hinter den Kulissen. Von der Kundenbetreuung \u00fcber Angebotskalkulation bis zur Projektkoordination, hier laufen alle F\u00e4den zusammen. Mit einem offenen Ohr f\u00fcr unsere Kund*innen und einem ... Read More\" \/>\n<meta property=\"og:url\" content=\"https:\/\/luki-lichtwerbung.de\/en\/team\/\" \/>\n<meta property=\"og:site_name\" content=\"Lichtwerbung\" \/>\n<meta property=\"article:modified_time\" content=\"2026-01-20T11:32:21+00:00\" \/>\n<meta name=\"twitter:card\" content=\"summary_large_image\" \/>\n<meta name=\"twitter:label1\" content=\"Est. reading time\" \/>\n\t<meta name=\"twitter:data1\" content=\"8 minutes\" \/>\n<script type=\"application\/ld+json\" class=\"yoast-schema-graph\">{\"@context\":\"https:\/\/schema.org\",\"@graph\":[{\"@type\":\"WebPage\",\"@id\":\"https:\/\/luki-lichtwerbung.de\/team\/\",\"url\":\"https:\/\/luki-lichtwerbung.de\/team\/\",\"name\":\"Team - Lichtwerbung\",\"isPartOf\":{\"@id\":\"https:\/\/luki-lichtwerbung.de\/#website\"},\"datePublished\":\"2025-03-13T12:55:49+00:00\",\"dateModified\":\"2026-01-20T11:32:21+00:00\",\"breadcrumb\":{\"@id\":\"https:\/\/luki-lichtwerbung.de\/team\/#breadcrumb\"},\"inLanguage\":\"en-US\",\"potentialAction\":[{\"@type\":\"ReadAction\",\"target\":[\"https:\/\/luki-lichtwerbung.de\/team\/\"]}]},{\"@type\":\"BreadcrumbList\",\"@id\":\"https:\/\/luki-lichtwerbung.de\/team\/#breadcrumb\",\"itemListElement\":[{\"@type\":\"ListItem\",\"position\":1,\"name\":\"Start\",\"item\":\"https:\/\/luki-lichtwerbung.de\/\"},{\"@type\":\"ListItem\",\"position\":2,\"name\":\"Team\"}]},{\"@type\":\"WebSite\",\"@id\":\"https:\/\/luki-lichtwerbung.de\/#website\",\"url\":\"https:\/\/luki-lichtwerbung.de\/\",\"name\":\"Lichtwerbung\",\"description\":\"\",\"publisher\":{\"@id\":\"https:\/\/luki-lichtwerbung.de\/#organization\"},\"potentialAction\":[{\"@type\":\"SearchAction\",\"target\":{\"@type\":\"EntryPoint\",\"urlTemplate\":\"https:\/\/luki-lichtwerbung.de\/?s={search_term_string}\"},\"query-input\":{\"@type\":\"PropertyValueSpecification\",\"valueRequired\":true,\"valueName\":\"search_term_string\"}}],\"inLanguage\":\"en-US\"},{\"@type\":\"Organization\",\"@id\":\"https:\/\/luki-lichtwerbung.de\/#organization\",\"name\":\"Lichtwerbung\",\"url\":\"https:\/\/luki-lichtwerbung.de\/\",\"logo\":{\"@type\":\"ImageObject\",\"inLanguage\":\"en-US\",\"@id\":\"https:\/\/luki-lichtwerbung.de\/#\/schema\/logo\/image\/\",\"url\":\"https:\/\/luki-lichtwerbung.de\/wp-content\/uploads\/2025\/03\/Logo-Luki-New.png\",\"contentUrl\":\"https:\/\/luki-lichtwerbung.de\/wp-content\/uploads\/2025\/03\/Logo-Luki-New.png\",\"width\":650,\"height\":192,\"caption\":\"Lichtwerbung\"},\"image\":{\"@id\":\"https:\/\/luki-lichtwerbung.de\/#\/schema\/logo\/image\/\"},\"sameAs\":[\"https:\/\/www.instagram.com\/luki.lichtwerbung\/\"]}]}<\/script>\n<!-- \/ Yoast SEO plugin. -->","yoast_head_json":{"title":"Team - Lichtwerbung","robots":{"index":"index","follow":"follow","max-snippet":"max-snippet:-1","max-image-preview":"max-image-preview:large","max-video-preview":"max-video-preview:-1"},"canonical":"https:\/\/luki-lichtwerbung.de\/en\/team\/","og_locale":"en_US","og_type":"article","og_title":"Team - Lichtwerbung","og_description":"Das Team hinter LUKI. Gemeinsam gestalten wir Licht \u2013 mit Know-how, Pr\u00e4zision und Leidenschaft.Unser Team Das Herzst&uuml;ck unserer Organisation - Das B\u00fcroteam In unserem hellen, modernen B\u00fcro sorgt unser zehnk\u00f6pfiges Team f\u00fcr den reibungslosen Ablauf hinter den Kulissen. Von der Kundenbetreuung \u00fcber Angebotskalkulation bis zur Projektkoordination, hier laufen alle F\u00e4den zusammen. Mit einem offenen Ohr f\u00fcr unsere Kund*innen und einem ... Read More","og_url":"https:\/\/luki-lichtwerbung.de\/en\/team\/","og_site_name":"Lichtwerbung","article_modified_time":"2026-01-20T11:32:21+00:00","twitter_card":"summary_large_image","twitter_misc":{"Est. reading time":"8 minutes"},"schema":{"@context":"https:\/\/schema.org","@graph":[{"@type":"WebPage","@id":"https:\/\/luki-lichtwerbung.de\/team\/","url":"https:\/\/luki-lichtwerbung.de\/team\/","name":"Team - Lichtwerbung","isPartOf":{"@id":"https:\/\/luki-lichtwerbung.de\/#website"},"datePublished":"2025-03-13T12:55:49+00:00","dateModified":"2026-01-20T11:32:21+00:00","breadcrumb":{"@id":"https:\/\/luki-lichtwerbung.de\/team\/#breadcrumb"},"inLanguage":"en-US","potentialAction":[{"@type":"ReadAction","target":["https:\/\/luki-lichtwerbung.de\/team\/"]}]},{"@type":"BreadcrumbList","@id":"https:\/\/luki-lichtwerbung.de\/team\/#breadcrumb","itemListElement":[{"@type":"ListItem","position":1,"name":"Start","item":"https:\/\/luki-lichtwerbung.de\/"},{"@type":"ListItem","position":2,"name":"Team"}]},{"@type":"WebSite","@id":"https:\/\/luki-lichtwerbung.de\/#website","url":"https:\/\/luki-lichtwerbung.de\/","name":"Illuminated Advertising","description":"","publisher":{"@id":"https:\/\/luki-lichtwerbung.de\/#organization"},"potentialAction":[{"@type":"SearchAction","target":{"@type":"EntryPoint","urlTemplate":"https:\/\/luki-lichtwerbung.de\/?s={search_term_string}"},"query-input":{"@type":"PropertyValueSpecification","valueRequired":true,"valueName":"search_term_string"}}],"inLanguage":"en-US"},{"@type":"Organization","@id":"https:\/\/luki-lichtwerbung.de\/#organization","name":"Illuminated Advertising","url":"https:\/\/luki-lichtwerbung.de\/","logo":{"@type":"ImageObject","inLanguage":"en-US","@id":"https:\/\/luki-lichtwerbung.de\/#\/schema\/logo\/image\/","url":"https:\/\/luki-lichtwerbung.de\/wp-content\/uploads\/2025\/03\/Logo-Luki-New.png","contentUrl":"https:\/\/luki-lichtwerbung.de\/wp-content\/uploads\/2025\/03\/Logo-Luki-New.png","width":650,"height":192,"caption":"Lichtwerbung"},"image":{"@id":"https:\/\/luki-lichtwerbung.de\/#\/schema\/logo\/image\/"},"sameAs":["https:\/\/www.instagram.com\/luki.lichtwerbung\/"]}]}},"_links":{"self":[{"href":"https:\/\/luki-lichtwerbung.de\/en\/wp-json\/wp\/v2\/pages\/24","targetHints":{"allow":["GET"]}}],"collection":[{"href":"https:\/\/luki-lichtwerbung.de\/en\/wp-json\/wp\/v2\/pages"}],"about":[{"href":"https:\/\/luki-lichtwerbung.de\/en\/wp-json\/wp\/v2\/types\/page"}],"author":[{"embeddable":true,"href":"https:\/\/luki-lichtwerbung.de\/en\/wp-json\/wp\/v2\/users\/1"}],"replies":[{"embeddable":true,"href":"https:\/\/luki-lichtwerbung.de\/en\/wp-json\/wp\/v2\/comments?post=24"}],"version-history":[{"count":43,"href":"https:\/\/luki-lichtwerbung.de\/en\/wp-json\/wp\/v2\/pages\/24\/revisions"}],"predecessor-version":[{"id":1063,"href":"https:\/\/luki-lichtwerbung.de\/en\/wp-json\/wp\/v2\/pages\/24\/revisions\/1063"}],"wp:attachment":[{"href":"https:\/\/luki-lichtwerbung.de\/en\/wp-json\/wp\/v2\/media?parent=24"}],"curies":[{"name":"wp","href":"https:\/\/api.w.org\/{rel}","templated":true}]}}