{"id":52,"date":"2025-03-13T15:10:11","date_gmt":"2025-03-13T14:10:11","guid":{"rendered":"https:\/\/luki-lichtwerbung.de\/?page_id=52"},"modified":"2025-10-13T17:37:21","modified_gmt":"2025-10-13T15:37:21","slug":"impressum","status":"publish","type":"page","link":"https:\/\/luki-lichtwerbung.de\/en\/impressum\/","title":{"rendered":"Legal notice"},"content":{"rendered":"<div id=\"cs-content\" class=\"cs-content\"><div class=\"x-section e52-e1 m1g-0\"><div class=\"x-row x-container max width e52-e2 m1g-1 m1g-2\"><div class=\"x-row-inner\"><div class=\"x-col e52-e3 m1g-3\"><div class=\"x-text x-text-headline e52-e4 m1g-4 m1g-5\"><div class=\"x-text-content\"><div class=\"x-text-content-text\"><h1 class=\"x-text-content-text-primary\">Legal notice<\/h1>\n<\/div><\/div><\/div><div class=\"x-text x-text-headline e52-e5 m1g-4 m1g-6\"><div class=\"x-text-content\"><div class=\"x-text-content-text\"><h2 class=\"x-text-content-text-primary\">Anbieter<\/h2>\n<\/div><\/div><\/div><div class=\"x-text x-content e52-e6 m1g-7\"><p>LUKI GmbH &amp; Co. KG<br \/><br \/>\nMoosbachstr. 16<br \/>\n74626 Bretzfeld-Schwabbach<br \/>\nDeutschland<\/p>\nTelefon: 07946 \/ 94 76 441 <br \/>\nMail: info@luki-gmbh.de<\/p><\/div><div class=\"x-text x-text-headline e52-e7 m1g-4 m1g-6\"><div class=\"x-text-content\"><div class=\"x-text-content-text\"><h2 class=\"x-text-content-text-primary\">Registerangaben<\/h2>\n<\/div><\/div><\/div><div class=\"x-text x-content e52-e8 m1g-7\"><p>Registergericht: Amtsgericht Stuttgart<br \/>\nHandelsregister: <strong>HRA 727258<\/strong> (LUKI GmbH &amp; Co. KG)<\/p>\n<p>Vertreten durch die gesch\u00e4ftsf\u00fchrende Gesellschafterin (Komplement\u00e4rin):<br \/>\n<strong>LUKI Verwaltungs GmbH<\/strong><br \/><br \/>\nRegistergericht: Amtsgericht Stuttgart<br \/>\nHandelsregister: <strong>HRB 740257<\/strong><br \/>\nVertreten durch den Gesch\u00e4ftsf\u00fchrer: <strong>Faruk Imeri<\/strong><\/p><\/div><div class=\"x-text x-text-headline e52-e9 m1g-4 m1g-6\"><div class=\"x-text-content\"><div class=\"x-text-content-text\"><h2 class=\"x-text-content-text-primary\">Umsatzsteuer-ID<\/h2>\n<\/div><\/div><\/div><div class=\"x-text x-content e52-e10 m1g-7\">Umsatzsteuer-Identifikationsnummer gem\u00e4\u00df \u00a7\u00a027a UStG: <strong>DE281211020<\/strong><\/div><div class=\"x-text x-text-headline e52-e11 m1g-4 m1g-6\"><div class=\"x-text-content\"><div class=\"x-text-content-text\"><h2 class=\"x-text-content-text-primary\">Verantwortlich nach \u00a7\u00a018 MStV<\/h2>\n<\/div><\/div><\/div><div class=\"x-text x-content e52-e12 m1g-7\"><p>Faruk Imeri<br \/>\nMoosbachstr. 16<br \/>\n74626 Bretzfeld-Schwabbach<\/p><\/div><div class=\"x-text x-text-headline e52-e13 m1g-4 m1g-6\"><div class=\"x-text-content\"><div class=\"x-text-content-text\"><h2 class=\"x-text-content-text-primary\">Streitbeilegung<\/h2>\n<\/div><\/div><\/div><div class=\"x-text x-content e52-e14 m1g-7\"><p>Wir sind nicht verpflichtet und nicht bereit, an Streitbeilegungsverfahren vor einer<br \/>\nVerbraucherschlichtungsstelle teilzunehmen.<\/p><\/div><\/div><\/div><\/div><\/div><\/div>","protected":false},"excerpt":{"rendered":"<p>Impressum Anbieter LUKI GmbH &amp; Co. KG Moosbachstr. 16 74626 Bretzfeld-Schwabbach Deutschland Telefon: 07946 \/ 94 76 441 Mail: info@luki-gmbh.deRegisterangaben Registergericht: Amtsgericht Stuttgart Handelsregister: HRA 727258 (LUKI GmbH &amp; Co. KG) Vertreten durch die gesch\u00e4ftsf\u00fchrende Gesellschafterin (Komplement\u00e4rin): LUKI Verwaltungs GmbH Registergericht: Amtsgericht Stuttgart Handelsregister: HRB 740257 Vertreten durch den Gesch\u00e4ftsf\u00fchrer: Faruk ImeriUmsatzsteuer-ID Umsatzsteuer-Identifikationsnummer gem\u00e4\u00df \u00a7\u00a027a UStG: DE281211020Verantwortlich nach \u00a7\u00a018 MStV &#8230; <\/p>\n<div><a href=\"https:\/\/luki-lichtwerbung.de\/en\/impressum\/\" class=\"more-link\">Read More<\/a><\/div>","protected":false},"author":1,"featured_media":0,"parent":0,"menu_order":0,"comment_status":"closed","ping_status":"closed","template":"template-blank-4.php","meta":{"footnotes":""},"class_list":["post-52","page","type-page","status-publish","hentry","no-post-thumbnail"],"yoast_head":"<!-- This site is optimized with the Yoast SEO plugin v26.8 - https:\/\/yoast.com\/product\/yoast-seo-wordpress\/ -->\n<title>Impressum - Lichtwerbung<\/title>\n<meta name=\"robots\" content=\"index, follow, max-snippet:-1, max-image-preview:large, max-video-preview:-1\" \/>\n<link rel=\"canonical\" href=\"https:\/\/luki-lichtwerbung.de\/en\/impressum\/\" \/>\n<meta property=\"og:locale\" content=\"en_US\" \/>\n<meta property=\"og:type\" content=\"article\" \/>\n<meta property=\"og:title\" content=\"Impressum - Lichtwerbung\" \/>\n<meta property=\"og:description\" content=\"Impressum Anbieter LUKI GmbH &amp; Co. KG Moosbachstr. 16 74626 Bretzfeld-Schwabbach Deutschland Telefon: 07946 \/ 94 76 441 Mail: info@luki-gmbh.deRegisterangaben Registergericht: Amtsgericht Stuttgart Handelsregister: HRA 727258 (LUKI GmbH &amp; Co. KG) Vertreten durch die gesch\u00e4ftsf\u00fchrende Gesellschafterin (Komplement\u00e4rin): LUKI Verwaltungs GmbH Registergericht: Amtsgericht Stuttgart Handelsregister: HRB 740257 Vertreten durch den Gesch\u00e4ftsf\u00fchrer: Faruk ImeriUmsatzsteuer-ID Umsatzsteuer-Identifikationsnummer gem\u00e4\u00df \u00a7\u00a027a UStG: DE281211020Verantwortlich nach \u00a7\u00a018 MStV ... Read More\" \/>\n<meta property=\"og:url\" content=\"https:\/\/luki-lichtwerbung.de\/en\/impressum\/\" \/>\n<meta property=\"og:site_name\" content=\"Lichtwerbung\" \/>\n<meta property=\"article:modified_time\" content=\"2025-10-13T15:37:21+00:00\" \/>\n<meta name=\"twitter:card\" content=\"summary_large_image\" \/>\n<meta name=\"twitter:label1\" content=\"Est. reading time\" \/>\n\t<meta name=\"twitter:data1\" content=\"1 minute\" \/>\n<script type=\"application\/ld+json\" class=\"yoast-schema-graph\">{\"@context\":\"https:\/\/schema.org\",\"@graph\":[{\"@type\":\"WebPage\",\"@id\":\"https:\/\/luki-lichtwerbung.de\/impressum\/\",\"url\":\"https:\/\/luki-lichtwerbung.de\/impressum\/\",\"name\":\"Impressum - Lichtwerbung\",\"isPartOf\":{\"@id\":\"https:\/\/luki-lichtwerbung.de\/#website\"},\"datePublished\":\"2025-03-13T14:10:11+00:00\",\"dateModified\":\"2025-10-13T15:37:21+00:00\",\"breadcrumb\":{\"@id\":\"https:\/\/luki-lichtwerbung.de\/impressum\/#breadcrumb\"},\"inLanguage\":\"en-US\",\"potentialAction\":[{\"@type\":\"ReadAction\",\"target\":[\"https:\/\/luki-lichtwerbung.de\/impressum\/\"]}]},{\"@type\":\"BreadcrumbList\",\"@id\":\"https:\/\/luki-lichtwerbung.de\/impressum\/#breadcrumb\",\"itemListElement\":[{\"@type\":\"ListItem\",\"position\":1,\"name\":\"Start\",\"item\":\"https:\/\/luki-lichtwerbung.de\/\"},{\"@type\":\"ListItem\",\"position\":2,\"name\":\"Impressum\"}]},{\"@type\":\"WebSite\",\"@id\":\"https:\/\/luki-lichtwerbung.de\/#website\",\"url\":\"https:\/\/luki-lichtwerbung.de\/\",\"name\":\"Lichtwerbung\",\"description\":\"\",\"publisher\":{\"@id\":\"https:\/\/luki-lichtwerbung.de\/#organization\"},\"potentialAction\":[{\"@type\":\"SearchAction\",\"target\":{\"@type\":\"EntryPoint\",\"urlTemplate\":\"https:\/\/luki-lichtwerbung.de\/?s={search_term_string}\"},\"query-input\":{\"@type\":\"PropertyValueSpecification\",\"valueRequired\":true,\"valueName\":\"search_term_string\"}}],\"inLanguage\":\"en-US\"},{\"@type\":\"Organization\",\"@id\":\"https:\/\/luki-lichtwerbung.de\/#organization\",\"name\":\"Lichtwerbung\",\"url\":\"https:\/\/luki-lichtwerbung.de\/\",\"logo\":{\"@type\":\"ImageObject\",\"inLanguage\":\"en-US\",\"@id\":\"https:\/\/luki-lichtwerbung.de\/#\/schema\/logo\/image\/\",\"url\":\"https:\/\/luki-lichtwerbung.de\/wp-content\/uploads\/2025\/03\/Logo-Luki-New.png\",\"contentUrl\":\"https:\/\/luki-lichtwerbung.de\/wp-content\/uploads\/2025\/03\/Logo-Luki-New.png\",\"width\":650,\"height\":192,\"caption\":\"Lichtwerbung\"},\"image\":{\"@id\":\"https:\/\/luki-lichtwerbung.de\/#\/schema\/logo\/image\/\"},\"sameAs\":[\"https:\/\/www.instagram.com\/luki.lichtwerbung\/\"]}]}<\/script>\n<!-- \/ Yoast SEO plugin. -->","yoast_head_json":{"title":"Impressum - Lichtwerbung","robots":{"index":"index","follow":"follow","max-snippet":"max-snippet:-1","max-image-preview":"max-image-preview:large","max-video-preview":"max-video-preview:-1"},"canonical":"https:\/\/luki-lichtwerbung.de\/en\/impressum\/","og_locale":"en_US","og_type":"article","og_title":"Impressum - Lichtwerbung","og_description":"Impressum Anbieter LUKI GmbH &amp; Co. KG Moosbachstr. 16 74626 Bretzfeld-Schwabbach Deutschland Telefon: 07946 \/ 94 76 441 Mail: info@luki-gmbh.deRegisterangaben Registergericht: Amtsgericht Stuttgart Handelsregister: HRA 727258 (LUKI GmbH &amp; Co. KG) Vertreten durch die gesch\u00e4ftsf\u00fchrende Gesellschafterin (Komplement\u00e4rin): LUKI Verwaltungs GmbH Registergericht: Amtsgericht Stuttgart Handelsregister: HRB 740257 Vertreten durch den Gesch\u00e4ftsf\u00fchrer: Faruk ImeriUmsatzsteuer-ID Umsatzsteuer-Identifikationsnummer gem\u00e4\u00df \u00a7\u00a027a UStG: DE281211020Verantwortlich nach \u00a7\u00a018 MStV ... Read More","og_url":"https:\/\/luki-lichtwerbung.de\/en\/impressum\/","og_site_name":"Lichtwerbung","article_modified_time":"2025-10-13T15:37:21+00:00","twitter_card":"summary_large_image","twitter_misc":{"Est. reading time":"1 minute"},"schema":{"@context":"https:\/\/schema.org","@graph":[{"@type":"WebPage","@id":"https:\/\/luki-lichtwerbung.de\/impressum\/","url":"https:\/\/luki-lichtwerbung.de\/impressum\/","name":"Impressum - Lichtwerbung","isPartOf":{"@id":"https:\/\/luki-lichtwerbung.de\/#website"},"datePublished":"2025-03-13T14:10:11+00:00","dateModified":"2025-10-13T15:37:21+00:00","breadcrumb":{"@id":"https:\/\/luki-lichtwerbung.de\/impressum\/#breadcrumb"},"inLanguage":"en-US","potentialAction":[{"@type":"ReadAction","target":["https:\/\/luki-lichtwerbung.de\/impressum\/"]}]},{"@type":"BreadcrumbList","@id":"https:\/\/luki-lichtwerbung.de\/impressum\/#breadcrumb","itemListElement":[{"@type":"ListItem","position":1,"name":"Start","item":"https:\/\/luki-lichtwerbung.de\/"},{"@type":"ListItem","position":2,"name":"Impressum"}]},{"@type":"WebSite","@id":"https:\/\/luki-lichtwerbung.de\/#website","url":"https:\/\/luki-lichtwerbung.de\/","name":"Illuminated Advertising","description":"","publisher":{"@id":"https:\/\/luki-lichtwerbung.de\/#organization"},"potentialAction":[{"@type":"SearchAction","target":{"@type":"EntryPoint","urlTemplate":"https:\/\/luki-lichtwerbung.de\/?s={search_term_string}"},"query-input":{"@type":"PropertyValueSpecification","valueRequired":true,"valueName":"search_term_string"}}],"inLanguage":"en-US"},{"@type":"Organization","@id":"https:\/\/luki-lichtwerbung.de\/#organization","name":"Illuminated Advertising","url":"https:\/\/luki-lichtwerbung.de\/","logo":{"@type":"ImageObject","inLanguage":"en-US","@id":"https:\/\/luki-lichtwerbung.de\/#\/schema\/logo\/image\/","url":"https:\/\/luki-lichtwerbung.de\/wp-content\/uploads\/2025\/03\/Logo-Luki-New.png","contentUrl":"https:\/\/luki-lichtwerbung.de\/wp-content\/uploads\/2025\/03\/Logo-Luki-New.png","width":650,"height":192,"caption":"Lichtwerbung"},"image":{"@id":"https:\/\/luki-lichtwerbung.de\/#\/schema\/logo\/image\/"},"sameAs":["https:\/\/www.instagram.com\/luki.lichtwerbung\/"]}]}},"_links":{"self":[{"href":"https:\/\/luki-lichtwerbung.de\/en\/wp-json\/wp\/v2\/pages\/52","targetHints":{"allow":["GET"]}}],"collection":[{"href":"https:\/\/luki-lichtwerbung.de\/en\/wp-json\/wp\/v2\/pages"}],"about":[{"href":"https:\/\/luki-lichtwerbung.de\/en\/wp-json\/wp\/v2\/types\/page"}],"author":[{"embeddable":true,"href":"https:\/\/luki-lichtwerbung.de\/en\/wp-json\/wp\/v2\/users\/1"}],"replies":[{"embeddable":true,"href":"https:\/\/luki-lichtwerbung.de\/en\/wp-json\/wp\/v2\/comments?post=52"}],"version-history":[{"count":5,"href":"https:\/\/luki-lichtwerbung.de\/en\/wp-json\/wp\/v2\/pages\/52\/revisions"}],"predecessor-version":[{"id":1050,"href":"https:\/\/luki-lichtwerbung.de\/en\/wp-json\/wp\/v2\/pages\/52\/revisions\/1050"}],"wp:attachment":[{"href":"https:\/\/luki-lichtwerbung.de\/en\/wp-json\/wp\/v2\/media?parent=52"}],"curies":[{"name":"wp","href":"https:\/\/api.w.org\/{rel}","templated":true}]}}