{"id":536,"date":"2025-07-15T16:48:04","date_gmt":"2025-07-15T14:48:04","guid":{"rendered":"https:\/\/luki-lichtwerbung.de\/?page_id=536"},"modified":"2026-01-22T16:05:48","modified_gmt":"2026-01-22T15:05:48","slug":"events-sponsoring","status":"publish","type":"page","link":"https:\/\/luki-lichtwerbung.de\/en\/events-sponsoring\/","title":{"rendered":"Events\/ Sponsoring"},"content":{"rendered":"<div id=\"cs-content\" class=\"cs-content\"><div class=\"x-section e536-e1 mew-0 mew-1 mew-2 mew-3\"><div class=\"x-bg\" aria-hidden=\"true\"><div class=\"x-bg-layer-lower-image\" style=\" background-image: url(https:\/\/luki-lichtwerbung.de\/wp-content\/uploads\/2025\/10\/heilbronner-lichterfest-lichtwerbung.webp); background-repeat: no-repeat; background-position: center; background-size: cover;\"><\/div><div class=\"x-bg-layer-upper-color\" style=\" background-color: rgba(0, 0, 0, 0.35);\"><\/div><\/div><div class=\"x-row e536-e2 mew-d mew-e mew-f mew-g mew-h mew-i mew-j mew-t mew-u\"><div class=\"x-row-inner\"><div class=\"x-col e536-e3 mew-1a mew-1b mew-1c mew-1d mew-1e mew-1f\"><hr class=\"x-line e536-e4 mew-1m mew-1n mew-1o\"\/><hr class=\"x-line e536-e5 mew-1m mew-1n mew-1o\"\/><div class=\"x-text x-text-headline e536-e6 mew-1v mew-1w mew-1x mew-1y mew-1z mew-20 mew-21 mew-22\"><div class=\"x-text-content\"><div class=\"x-text-content-text\"><span class=\"x-text-content-text-primary\">EVENTS &amp; SPONSORSHIP<\/span>\n<\/div><\/div><\/div><div class=\"x-text x-content e536-e7 mew-2l mew-2m mew-2n\">Strong brand presence at events \u2013 with illuminated advertising that makes an impression.<\/div><\/div><\/div><\/div><\/div><div class=\"x-section e536-e8 mew-0 mew-4 mew-5 mew-6\"><div class=\"x-row x-container max width e536-e9 mew-e mew-f mew-g mew-h mew-i mew-j mew-k mew-t mew-v\"><div class=\"x-row-inner\"><div class=\"x-col e536-e10 mew-1a mew-1b mew-1c mew-1d mew-1e mew-1f\"><div class=\"x-text x-text-headline e536-e11 mew-1v mew-1y mew-1z mew-22 mew-23 mew-24 mew-25 mew-26\"><div class=\"x-text-content\"><div class=\"x-text-content-text\"><h2 class=\"x-text-content-text-primary\">Events &amp; Sponsorship<\/h2>\n<\/div><\/div><\/div><\/div><\/div><\/div><\/div><div class=\"x-section e536-e12 mew-0 mew-1 mew-2 mew-5 mew-6\"><div class=\"x-row e536-e13 mew-e mew-f mew-g mew-h mew-k mew-l mew-w mew-x\"><div class=\"x-row-inner\"><div class=\"x-col e536-e14 mew-1a mew-1b mew-1c mew-1d mew-1e mew-1g mew-1h panda-border\"><div class=\"x-text x-text-headline e536-e15 mew-1v mew-1x mew-1y mew-21 mew-22 mew-26 mew-27 mew-28 mew-29 mew-2a\"><div class=\"x-text-content\"><div class=\"x-text-content-text\"><h2 class=\"x-text-content-text-primary\">LUKI illuminated advertising \u2013 Sponsorship at the Heilbronn Festival of Lights \u2728<\/h2>\n<\/div><\/div><\/div><div class=\"x-div e536-e16 mew-2s mew-2t\"><div class=\"x-text x-content e536-e17 mew-2l mew-2n mew-2o\"><p data-start=\"179\" data-end=\"430\">The Heilbronn Light Festival is a special summer highlight on the Neckar River: three days full of live music, DJs, street food, LED figures, and impressive light and laser shows. A festival that creates emotions\u2014sustainable, colorful, and unforgettable.<\/p>\n<p data-start=\"432\" data-end=\"614\">Wir von <strong data-start=\"440\" data-end=\"461\">LUKI Lichtwerbung<\/strong> is proud to be able to contribute here as well. <strong data-start=\"531\" data-end=\"612\">We not only light up the Festival of Lights, but also your company.<\/strong><\/p>\n<p data-start=\"616\" data-end=\"820\">Whether with our stylishly illuminated LUKI bar tables or impressive HN illuminated letters, our products set accents, create atmosphere, and let brands shine in a special light.<\/p>\n<p data-start=\"822\" data-end=\"968\">We are delighted to be part of the Heilbronn Festival of Lights again next year and to create unforgettable moments together.<\/p><\/div><\/div><\/div><div class=\"x-col e536-e19 mew-1d mew-1e mew-1f\"><span class=\"x-image e536-e20 mew-30 mew-31\"><img decoding=\"async\" src=\"https:\/\/luki-lichtwerbung.de\/wp-content\/uploads\/2025\/09\/heilbronner-lichterfest-luki.webp\" width=\"1280\" height=\"717\" alt=\"Image\" loading=\"lazy\"><\/span><\/div><\/div><\/div><\/div><div class=\"x-section e536-e21 mew-0 mew-1 mew-2 mew-5 mew-6\"><div class=\"x-row e536-e22 mew-e mew-f mew-g mew-k mew-l mew-m mew-w mew-y\"><div class=\"x-row-inner\"><div class=\"x-col e536-e23 mew-1a mew-1b mew-1c mew-1d mew-1e mew-1g mew-1h panda-border\"><div class=\"x-text x-text-headline e536-e24 mew-1v mew-1x mew-1y mew-21 mew-22 mew-26 mew-27 mew-28 mew-29 mew-2a\"><div class=\"x-text-content\"><div class=\"x-text-content-text\"><h2 class=\"x-text-content-text-primary\">Haigern Live \u2728<\/h2>\n<\/div><\/div><\/div><div class=\"x-div e536-e25 mew-2s mew-2t\"><div class=\"x-text x-content e536-e26 mew-2l mew-2n mew-2o\"><p data-start=\"93\" data-end=\"348\">We were also able to create a real highlight with our lighting solutions at the popular Haigern Live festival. We designed impressive illuminated letters measuring one meter in height for the stage, which perfectly matched the atmosphere of the event.<\/p>\n<p data-start=\"350\" data-end=\"593\">In addition, a photo spot set up by us provided visitors with unforgettable memories. Our illuminated LUKI bar tables invited visitors to linger and lent the festival a modern, atmospheric ambience.<\/p><\/div><\/div><\/div><div class=\"x-col e536-e29 mew-1d mew-1e mew-1f\"><span class=\"x-image e536-e30 mew-30 mew-31\"><img decoding=\"async\" src=\"https:\/\/luki-lichtwerbung.de\/wp-content\/uploads\/2025\/09\/vorschau-haigern-live-konzert.webp\" width=\"1280\" height=\"717\" alt=\"Image\" loading=\"lazy\"><\/span><\/div><\/div><\/div><\/div><div class=\"x-section e536-e31 mew-0 mew-1 mew-2 mew-5 mew-6\"><div class=\"x-row e536-e32 mew-e mew-f mew-g mew-h mew-k mew-l mew-w mew-z\"><div class=\"x-row-inner\"><div class=\"x-col e536-e33 mew-1a mew-1b mew-1c mew-1d mew-1e mew-1g mew-1h panda-border\"><div class=\"x-text x-text-headline e536-e34 mew-1v mew-1x mew-1y mew-21 mew-22 mew-26 mew-27 mew-28 mew-29 mew-2a\"><div class=\"x-text-content\"><div class=\"x-text-content-text\"><h2 class=\"x-text-content-text-primary\">Vine burning in Bretzfeld \u2013 When the mountain burns for wine \u2728<\/h2>\n<\/div><\/div><\/div><div class=\"x-div e536-e35 mew-2s mew-2t\"><div class=\"x-text x-content e536-e36 mew-2l mew-2n mew-2o\"><p data-start=\"147\" data-end=\"371\">In 2025, we had the privilege of supporting this special event and transforming the evening into an even more dazzling experience. True to our motto:<br data-start=\"285\" data-end=\"288\" \/><strong data-start=\"288\" data-end=\"369\">We not only make the vine glow, but also your company.<\/strong><\/p>\n<p data-start=\"373\" data-end=\"739\">Amidst a spectacle of light, fire, culinary delights, and an atmospheric ambiance, the wineries and the Hohenlohe eG wine cellar offered around 70 different wines and 18 culinary specialties at a total of ten stands. It was a festival that combined diversity, regionality, and emotion in a special way\u2014and our lighting solutions provided the perfect sparkle.<\/p><\/div><\/div><\/div><div class=\"x-col e536-e38 mew-1d mew-1e mew-1f\"><span class=\"x-image e536-e39 mew-30 mew-32\"><img decoding=\"async\" src=\"https:\/\/luki-lichtwerbung.de\/wp-content\/uploads\/2025\/09\/vorschau-Rebengluehen-Bretzfeld.webp\" width=\"1280\" height=\"717\" alt=\"Image\" loading=\"lazy\"><\/span><\/div><\/div><\/div><\/div><div class=\"x-section e536-e40 mew-0 mew-1 mew-2 mew-5 mew-6 panda-border\"><div class=\"x-row e536-e41 mew-e mew-f mew-k mew-m mew-n mew-o mew-p mew-w mew-10\"><div class=\"x-row-inner\"><div class=\"x-col e536-e42 mew-1a mew-1b mew-1c mew-1d mew-1e mew-1g mew-1h\"><div class=\"x-text x-text-headline e536-e43 mew-1v mew-1y mew-21 mew-22 mew-23 mew-26 mew-28 mew-29 mew-2a\"><div class=\"x-text-content\"><div class=\"x-text-content-text\"><h2 class=\"x-text-content-text-primary\">Factory Live Night<\/h2>\n<\/div><\/div><\/div><div class=\"x-div e536-e44 mew-2s mew-2t\"><div class=\"x-text x-content e536-e45 mew-2l mew-2n mew-2o\"><p data-start=\"127\" data-end=\"348\">Bei der Factory Live Night verwandelte sich unser Unternehmensstandort in einen lebendigen Treffpunkt f\u00fcr Musik- und Genussliebhaber. G\u00e4ste konnten direkt in den R\u00e4umen der Firma Luki feiern, essen und trinken und die besondere Atmosph\u00e4re eines Abends erleben, an dem Industrie auf Entertainment trifft.<\/p>\n<p data-start=\"127\" data-end=\"348\">Zwischen Live-Musik, guter Stimmung und zahlreichen Besuchern boten wir unseren G\u00e4sten einen Ort zum Ankommen, Wohlf\u00fchlen und Genie\u00dfen. Ob herzhaftes Essen, erfrischende Getr\u00e4nke oder einfach ein Platz zum Zusammensein \u2013 bei Luki fanden die Besucher alles, was einen gelungenen Abend ausmacht.<\/p>\n<p data-start=\"127\" data-end=\"348\">Wir freuen uns, Teil dieses besonderen Events zu sein und unseren Beitrag dazu zu leisten, dass die Factory Live Night f\u00fcr alle G\u00e4ste zu einem unvergesslichen Erlebnis wird.<\/p><\/div><\/div><\/div><div class=\"x-col e536-e48 mew-1d mew-1e mew-1f\"><span class=\"x-image e536-e49 mew-30 mew-32\"><img decoding=\"async\" src=\"https:\/\/luki-lichtwerbung.de\/wp-content\/uploads\/2026\/01\/factory-live-night.webp\" width=\"1280\" height=\"717\" alt=\"Image\" loading=\"lazy\"><\/span><\/div><\/div><\/div><\/div><div class=\"x-section e536-e50 mew-0 mew-1 mew-2 mew-5 mew-6 panda-border\"><div class=\"x-row e536-e51 mew-e mew-f mew-h mew-k mew-n mew-o mew-p mew-w mew-11\"><div class=\"x-row-inner\"><div class=\"x-col e536-e52 mew-1a mew-1b mew-1c mew-1d mew-1e mew-1g mew-1h\"><div class=\"x-text x-text-headline e536-e53 mew-1v mew-1y mew-21 mew-22 mew-23 mew-26 mew-28 mew-29 mew-2a\"><div class=\"x-text-content\"><div class=\"x-text-content-text\"><h2 class=\"x-text-content-text-primary\">Official partner of the 50th anniversary of the municipality of Bretzfeld<\/h2>\n<\/div><\/div><\/div><div class=\"x-div e536-e54 mew-2s mew-2t\"><div class=\"x-text x-content e536-e55 mew-2l mew-2n mew-2o\"><p data-start=\"127\" data-end=\"348\">We are proud to be an official partner of the 50th anniversary of the municipality of Bretzfeld \u2013 the location of LUKI Lichtwerbung. Since 1975, Bretzfeld has been a place full of life, community, and tradition.<\/p>\n<p data-start=\"350\" data-end=\"575\">On the occasion of this special anniversary, we are delighted to support the community with enthusiasm and passion. For us, it is more than just sponsorship: it is a sign of our connection to the region and the people who live here.<\/p>\n<p data-start=\"577\" data-end=\"695\">We are delighted to be part of this strong community and to work together to make the 2025 anniversary a shining success.<\/p><\/div><\/div><\/div><div class=\"x-col e536-e58 mew-1d mew-1e mew-1f\"><span class=\"x-image e536-e59 mew-30 mew-32\"><img decoding=\"async\" src=\"https:\/\/luki-lichtwerbung.de\/wp-content\/uploads\/2025\/09\/gemeinde-bretzfeld.webp\" width=\"1280\" height=\"717\" alt=\"Image\" loading=\"lazy\"><\/span><\/div><\/div><\/div><\/div><div class=\"x-section e536-e121 mew-0 mew-3 mew-b mew-c\"><div class=\"x-bg\" aria-hidden=\"true\"><div class=\"x-bg-layer-lower-image\"><\/div><\/div><div class=\"x-row x-container max width e536-e122 mew-f mew-h mew-k mew-o mew-s mew-19\"><div class=\"x-bg\" aria-hidden=\"true\"><div class=\"x-bg-layer-lower-color\" style=\" background-color: #ffffff;\"><\/div><\/div><div class=\"x-row-inner\"><div class=\"x-col e536-e123 mew-1a mew-1d mew-1i mew-1k\"><div class=\"x-text x-text-headline e536-e124 mew-1v mew-1y mew-22 mew-23 mew-28 mew-2f mew-2g\"><div class=\"x-text-content\"><div class=\"x-text-content-text\"><h2 class=\"x-text-content-text-primary\">Contact<\/h2>\n<\/div><\/div><\/div><hr class=\"x-line e536-e125 mew-1n mew-1q mew-1r\"\/><div class=\"x-text x-text-headline has-graphic e536-e126 mew-1v mew-22 mew-23 mew-28 mew-2g mew-2h mew-2i\"><div class=\"x-text-content\"><span class=\"x-graphic\" aria-hidden=\"true\"><i class=\"x-icon x-graphic-child x-graphic-icon x-graphic-primary\" aria-hidden=\"true\" data-x-icon-l=\"&#xf5a0;\"><\/i><\/span><div class=\"x-text-content-text\"><span class=\"x-text-content-text-primary\"><p>LUKI GmbH & Co. KG<br \/>\nMoosbachstr. 16<br \/>\n74626 Bretzfeld-Schwabbach<\/p><\/span>\n<\/div><\/div><\/div><hr class=\"x-line e536-e127 mew-1n mew-1r mew-1s\"\/><a href=\"mailto:info@luki-gmbh.de\" class=\"x-text x-text-headline has-graphic e536-e128 mew-1v mew-22 mew-23 mew-28 mew-2g mew-2h mew-2i\"><div class=\"x-text-content\"><span class=\"x-graphic\" aria-hidden=\"true\"><i class=\"x-icon x-graphic-child x-graphic-icon x-graphic-primary\" aria-hidden=\"true\" data-x-icon-l=\"&#x40;\"><\/i><\/span><div class=\"x-text-content-text\"><span class=\"x-text-content-text-primary\">info@luki-gmbh.de<\/span>\n<\/div><\/div><\/a><hr class=\"x-line e536-e129 mew-1n mew-1r mew-1s\"\/><a href=\"tel:004979469476441\" class=\"x-text x-text-headline has-graphic e536-e130 mew-1v mew-22 mew-23 mew-28 mew-2g mew-2h mew-2i mew-2j\"><div class=\"x-text-content\"><span class=\"x-graphic\" aria-hidden=\"true\"><i class=\"x-icon x-graphic-child x-graphic-icon x-graphic-primary\" aria-hidden=\"true\" data-x-icon-l=\"&#xf2a0;\"><\/i><\/span><div class=\"x-text-content-text\"><span class=\"x-text-content-text-primary\">0049 7946 \/ 94 76 441<\/span>\n<\/div><\/div><\/a><hr class=\"x-line e536-e131 mew-1n mew-1r mew-1s\"\/><hr class=\"x-line e536-e132 mew-1n mew-1r mew-1t\"\/><\/div><div class=\"x-col e536-e133 mew-1d mew-1e mew-1g mew-1l\"><div class=\"x-text x-text-headline e536-e134 mew-1v mew-22 mew-23 mew-28 mew-2i mew-2k\"><div class=\"x-text-content\"><div class=\"x-text-content-text\"><span class=\"x-text-content-text-primary\">Individual consultation begins when you contact us.<\/span>\n<\/div><\/div><\/div><div class=\"x-text x-content e536-e135 mew-2l mew-2p mew-2q\"><p>Just send us a message below!<\/p><\/div><hr class=\"x-line e536-e136 mew-1n mew-1r mew-1u\"\/><div class=\"x-form-integration x-form-integration-contact-form-7 e536-e137 mew-33\">\n<div class=\"wpcf7 no-js\" id=\"wpcf7-f152-o1\" lang=\"de-DE\" dir=\"ltr\" data-wpcf7-id=\"152\">\n<div class=\"screen-reader-response\"><p role=\"status\" aria-live=\"polite\" aria-atomic=\"true\"><\/p> <ul><\/ul><\/div>\n<form action=\"\/en\/wp-json\/wp\/v2\/pages\/536#wpcf7-f152-o1\" method=\"post\" class=\"wpcf7-form init\" aria-label=\"Kontaktformular\" novalidate=\"novalidate\" data-status=\"init\" data-trp-original-action=\"\/en\/wp-json\/wp\/v2\/pages\/536#wpcf7-f152-o1\">\n<fieldset class=\"hidden-fields-container\"><input type=\"hidden\" name=\"_wpcf7\" value=\"152\" \/><input type=\"hidden\" name=\"_wpcf7_version\" value=\"6.1.4\" \/><input type=\"hidden\" name=\"_wpcf7_locale\" value=\"de_DE\" \/><input type=\"hidden\" name=\"_wpcf7_unit_tag\" value=\"wpcf7-f152-o1\" \/><input type=\"hidden\" name=\"_wpcf7_container_post\" value=\"0\" \/><input type=\"hidden\" name=\"_wpcf7_posted_data_hash\" value=\"\" \/>\n<\/fieldset>\n<p><label> company<br \/>\n<span class=\"wpcf7-form-control-wrap\" data-name=\"your-company\"><input size=\"40\" maxlength=\"400\" class=\"wpcf7-form-control wpcf7-text\" autocomplete=\"firma\" aria-invalid=\"false\" value=\"\" type=\"text\" name=\"your-company\" \/><\/span><\/label>\n<\/p>\n<p><label> Name<br \/>\n<span class=\"wpcf7-form-control-wrap\" data-name=\"your-name\"><input size=\"40\" maxlength=\"400\" class=\"wpcf7-form-control wpcf7-text wpcf7-validates-as-required\" autocomplete=\"name\" aria-required=\"true\" aria-invalid=\"false\" value=\"\" type=\"text\" name=\"your-name\" \/><\/span> <\/label>\n<\/p>\n<p><label> email address<br \/>\n<span class=\"wpcf7-form-control-wrap\" data-name=\"your-email\"><input size=\"40\" maxlength=\"400\" class=\"wpcf7-form-control wpcf7-email wpcf7-validates-as-required wpcf7-text wpcf7-validates-as-email\" autocomplete=\"email\" aria-required=\"true\" aria-invalid=\"false\" value=\"\" type=\"email\" name=\"your-email\" \/><\/span> <\/label>\n<\/p>\n<p><label> Subject<br \/>\n<span class=\"wpcf7-form-control-wrap\" data-name=\"your-subject\"><input size=\"40\" maxlength=\"400\" class=\"wpcf7-form-control wpcf7-text wpcf7-validates-as-required\" aria-required=\"true\" aria-invalid=\"false\" value=\"\" type=\"text\" name=\"your-subject\" \/><\/span> <\/label>\n<\/p>\n<p><label> Message (optional)<br \/>\n<span class=\"wpcf7-form-control-wrap\" data-name=\"your-message\"><textarea cols=\"40\" rows=\"10\" maxlength=\"2000\" class=\"wpcf7-form-control wpcf7-textarea\" aria-invalid=\"false\" name=\"your-message\"><\/textarea><\/span> <\/label>\n<\/p>\n<p><input class=\"wpcf7-form-control wpcf7-submit has-spinner\" type=\"submit\" value=\"Senden\" \/>\n<\/p><div class=\"wpcf7-response-output\" aria-hidden=\"true\"><\/div>\n<input type=\"hidden\" name=\"trp-form-language\" value=\"en\"\/><\/form>\n<\/div>\n<\/div><hr class=\"x-line e536-e138 mew-1n mew-1r mew-1u\"\/><div class=\"x-text x-content e536-e139 mew-2l mew-2p mew-2r\"><strong>***<\/strong> I have read and understood the <a href=\"https:\/\/#\/\">privacy policy<\/a> of Luki GmbH &amp; Co. KG. I agree that the data I have provided will be stored permanently for the purpose of contacting me and for any queries. I am aware that I can revoke my consent at any time with future effect.<\/div><\/div><\/div><\/div><\/div><\/div>","protected":false},"excerpt":{"rendered":"<p>EVENTS &#038; SPONSORING Starke Markenpr\u00e4senz bei Events \u2013 mit Lichtwerbung, die Eindruck macht.Events &#038; Sponsoring LUKI Lichtwerbung \u2013 Sponsoring beim Heilbronner Lichterfest \u2728 Das Heilbronner Lichterfest ist ein besonderes Sommer-Highlight am Neckar: drei Tage voller Live-Musik, DJs, Streetfood, LED-Figuren und beeindruckenden Licht- und Lasershows. Ein Festival, das Emotionen schafft \u2013 nachhaltig, bunt und unvergesslich. Wir von LUKI Lichtwerbung sind stolz &#8230; <\/p>\n<div><a href=\"https:\/\/luki-lichtwerbung.de\/en\/events-sponsoring\/\" class=\"more-link\">Read More<\/a><\/div>","protected":false},"author":1,"featured_media":0,"parent":0,"menu_order":0,"comment_status":"closed","ping_status":"closed","template":"template-blank-4.php","meta":{"footnotes":""},"class_list":["post-536","page","type-page","status-publish","hentry","no-post-thumbnail"],"yoast_head":"<!-- This site is optimized with the Yoast SEO plugin v26.8 - https:\/\/yoast.com\/product\/yoast-seo-wordpress\/ -->\n<title>Events\/ Sponsoring - Lichtwerbung<\/title>\n<meta name=\"robots\" content=\"index, follow, max-snippet:-1, max-image-preview:large, max-video-preview:-1\" \/>\n<link rel=\"canonical\" href=\"https:\/\/luki-lichtwerbung.de\/en\/events-sponsoring\/\" \/>\n<meta property=\"og:locale\" content=\"en_US\" \/>\n<meta property=\"og:type\" content=\"article\" \/>\n<meta property=\"og:title\" content=\"Events\/ Sponsoring - Lichtwerbung\" \/>\n<meta property=\"og:description\" content=\"EVENTS &amp; SPONSORING Starke Markenpr\u00e4senz bei Events \u2013 mit Lichtwerbung, die Eindruck macht.Events &amp; Sponsoring LUKI Lichtwerbung \u2013 Sponsoring beim Heilbronner Lichterfest \u2728 Das Heilbronner Lichterfest ist ein besonderes Sommer-Highlight am Neckar: drei Tage voller Live-Musik, DJs, Streetfood, LED-Figuren und beeindruckenden Licht- und Lasershows. Ein Festival, das Emotionen schafft \u2013 nachhaltig, bunt und unvergesslich. Wir von LUKI Lichtwerbung sind stolz ... Read More\" \/>\n<meta property=\"og:url\" content=\"https:\/\/luki-lichtwerbung.de\/en\/events-sponsoring\/\" \/>\n<meta property=\"og:site_name\" content=\"Lichtwerbung\" \/>\n<meta property=\"article:modified_time\" content=\"2026-01-22T15:05:48+00:00\" \/>\n<meta name=\"twitter:card\" content=\"summary_large_image\" \/>\n<meta name=\"twitter:label1\" content=\"Est. reading time\" \/>\n\t<meta name=\"twitter:data1\" content=\"9 minutes\" \/>\n<script type=\"application\/ld+json\" class=\"yoast-schema-graph\">{\"@context\":\"https:\/\/schema.org\",\"@graph\":[{\"@type\":\"WebPage\",\"@id\":\"https:\/\/luki-lichtwerbung.de\/events-sponsoring\/\",\"url\":\"https:\/\/luki-lichtwerbung.de\/events-sponsoring\/\",\"name\":\"Events\/ Sponsoring - Lichtwerbung\",\"isPartOf\":{\"@id\":\"https:\/\/luki-lichtwerbung.de\/#website\"},\"datePublished\":\"2025-07-15T14:48:04+00:00\",\"dateModified\":\"2026-01-22T15:05:48+00:00\",\"breadcrumb\":{\"@id\":\"https:\/\/luki-lichtwerbung.de\/events-sponsoring\/#breadcrumb\"},\"inLanguage\":\"en-US\",\"potentialAction\":[{\"@type\":\"ReadAction\",\"target\":[\"https:\/\/luki-lichtwerbung.de\/events-sponsoring\/\"]}]},{\"@type\":\"BreadcrumbList\",\"@id\":\"https:\/\/luki-lichtwerbung.de\/events-sponsoring\/#breadcrumb\",\"itemListElement\":[{\"@type\":\"ListItem\",\"position\":1,\"name\":\"Start\",\"item\":\"https:\/\/luki-lichtwerbung.de\/\"},{\"@type\":\"ListItem\",\"position\":2,\"name\":\"Events\/ Sponsoring\"}]},{\"@type\":\"WebSite\",\"@id\":\"https:\/\/luki-lichtwerbung.de\/#website\",\"url\":\"https:\/\/luki-lichtwerbung.de\/\",\"name\":\"Lichtwerbung\",\"description\":\"\",\"publisher\":{\"@id\":\"https:\/\/luki-lichtwerbung.de\/#organization\"},\"potentialAction\":[{\"@type\":\"SearchAction\",\"target\":{\"@type\":\"EntryPoint\",\"urlTemplate\":\"https:\/\/luki-lichtwerbung.de\/?s={search_term_string}\"},\"query-input\":{\"@type\":\"PropertyValueSpecification\",\"valueRequired\":true,\"valueName\":\"search_term_string\"}}],\"inLanguage\":\"en-US\"},{\"@type\":\"Organization\",\"@id\":\"https:\/\/luki-lichtwerbung.de\/#organization\",\"name\":\"Lichtwerbung\",\"url\":\"https:\/\/luki-lichtwerbung.de\/\",\"logo\":{\"@type\":\"ImageObject\",\"inLanguage\":\"en-US\",\"@id\":\"https:\/\/luki-lichtwerbung.de\/#\/schema\/logo\/image\/\",\"url\":\"https:\/\/luki-lichtwerbung.de\/wp-content\/uploads\/2025\/03\/Logo-Luki-New.png\",\"contentUrl\":\"https:\/\/luki-lichtwerbung.de\/wp-content\/uploads\/2025\/03\/Logo-Luki-New.png\",\"width\":650,\"height\":192,\"caption\":\"Lichtwerbung\"},\"image\":{\"@id\":\"https:\/\/luki-lichtwerbung.de\/#\/schema\/logo\/image\/\"},\"sameAs\":[\"https:\/\/www.instagram.com\/luki.lichtwerbung\/\"]}]}<\/script>\n<!-- \/ Yoast SEO plugin. -->","yoast_head_json":{"title":"Events\/ Sponsoring - Lichtwerbung","robots":{"index":"index","follow":"follow","max-snippet":"max-snippet:-1","max-image-preview":"max-image-preview:large","max-video-preview":"max-video-preview:-1"},"canonical":"https:\/\/luki-lichtwerbung.de\/en\/events-sponsoring\/","og_locale":"en_US","og_type":"article","og_title":"Events\/ Sponsoring - Lichtwerbung","og_description":"EVENTS & SPONSORING Starke Markenpr\u00e4senz bei Events \u2013 mit Lichtwerbung, die Eindruck macht.Events & Sponsoring LUKI Lichtwerbung \u2013 Sponsoring beim Heilbronner Lichterfest \u2728 Das Heilbronner Lichterfest ist ein besonderes Sommer-Highlight am Neckar: drei Tage voller Live-Musik, DJs, Streetfood, LED-Figuren und beeindruckenden Licht- und Lasershows. Ein Festival, das Emotionen schafft \u2013 nachhaltig, bunt und unvergesslich. Wir von LUKI Lichtwerbung sind stolz ... Read More","og_url":"https:\/\/luki-lichtwerbung.de\/en\/events-sponsoring\/","og_site_name":"Lichtwerbung","article_modified_time":"2026-01-22T15:05:48+00:00","twitter_card":"summary_large_image","twitter_misc":{"Est. reading time":"9 minutes"},"schema":{"@context":"https:\/\/schema.org","@graph":[{"@type":"WebPage","@id":"https:\/\/luki-lichtwerbung.de\/events-sponsoring\/","url":"https:\/\/luki-lichtwerbung.de\/events-sponsoring\/","name":"Events\/ Sponsoring - Lichtwerbung","isPartOf":{"@id":"https:\/\/luki-lichtwerbung.de\/#website"},"datePublished":"2025-07-15T14:48:04+00:00","dateModified":"2026-01-22T15:05:48+00:00","breadcrumb":{"@id":"https:\/\/luki-lichtwerbung.de\/events-sponsoring\/#breadcrumb"},"inLanguage":"en-US","potentialAction":[{"@type":"ReadAction","target":["https:\/\/luki-lichtwerbung.de\/events-sponsoring\/"]}]},{"@type":"BreadcrumbList","@id":"https:\/\/luki-lichtwerbung.de\/events-sponsoring\/#breadcrumb","itemListElement":[{"@type":"ListItem","position":1,"name":"Start","item":"https:\/\/luki-lichtwerbung.de\/"},{"@type":"ListItem","position":2,"name":"Events\/ Sponsoring"}]},{"@type":"WebSite","@id":"https:\/\/luki-lichtwerbung.de\/#website","url":"https:\/\/luki-lichtwerbung.de\/","name":"Illuminated Advertising","description":"","publisher":{"@id":"https:\/\/luki-lichtwerbung.de\/#organization"},"potentialAction":[{"@type":"SearchAction","target":{"@type":"EntryPoint","urlTemplate":"https:\/\/luki-lichtwerbung.de\/?s={search_term_string}"},"query-input":{"@type":"PropertyValueSpecification","valueRequired":true,"valueName":"search_term_string"}}],"inLanguage":"en-US"},{"@type":"Organization","@id":"https:\/\/luki-lichtwerbung.de\/#organization","name":"Illuminated Advertising","url":"https:\/\/luki-lichtwerbung.de\/","logo":{"@type":"ImageObject","inLanguage":"en-US","@id":"https:\/\/luki-lichtwerbung.de\/#\/schema\/logo\/image\/","url":"https:\/\/luki-lichtwerbung.de\/wp-content\/uploads\/2025\/03\/Logo-Luki-New.png","contentUrl":"https:\/\/luki-lichtwerbung.de\/wp-content\/uploads\/2025\/03\/Logo-Luki-New.png","width":650,"height":192,"caption":"Lichtwerbung"},"image":{"@id":"https:\/\/luki-lichtwerbung.de\/#\/schema\/logo\/image\/"},"sameAs":["https:\/\/www.instagram.com\/luki.lichtwerbung\/"]}]}},"_links":{"self":[{"href":"https:\/\/luki-lichtwerbung.de\/en\/wp-json\/wp\/v2\/pages\/536","targetHints":{"allow":["GET"]}}],"collection":[{"href":"https:\/\/luki-lichtwerbung.de\/en\/wp-json\/wp\/v2\/pages"}],"about":[{"href":"https:\/\/luki-lichtwerbung.de\/en\/wp-json\/wp\/v2\/types\/page"}],"author":[{"embeddable":true,"href":"https:\/\/luki-lichtwerbung.de\/en\/wp-json\/wp\/v2\/users\/1"}],"replies":[{"embeddable":true,"href":"https:\/\/luki-lichtwerbung.de\/en\/wp-json\/wp\/v2\/comments?post=536"}],"version-history":[{"count":23,"href":"https:\/\/luki-lichtwerbung.de\/en\/wp-json\/wp\/v2\/pages\/536\/revisions"}],"predecessor-version":[{"id":1098,"href":"https:\/\/luki-lichtwerbung.de\/en\/wp-json\/wp\/v2\/pages\/536\/revisions\/1098"}],"wp:attachment":[{"href":"https:\/\/luki-lichtwerbung.de\/en\/wp-json\/wp\/v2\/media?parent=536"}],"curies":[{"name":"wp","href":"https:\/\/api.w.org\/{rel}","templated":true}]}}