{"id":648,"date":"2025-09-05T02:44:39","date_gmt":"2025-09-05T00:44:39","guid":{"rendered":"https:\/\/luki-lichtwerbung.de\/?page_id=648"},"modified":"2025-09-05T02:49:55","modified_gmt":"2025-09-05T00:49:55","slug":"gemeinde-bretzfeld-partner","status":"publish","type":"page","link":"https:\/\/luki-lichtwerbung.de\/en\/gemeinde-bretzfeld-partner\/","title":{"rendered":"Gemeinde Bretzfeld"},"content":{"rendered":"<div id=\"cs-content\" class=\"cs-content\"><div class=\"x-section e648-e1 mi0-0 mi0-1\"><div class=\"x-row e648-e2 mi0-3 mi0-4 mi0-6\"><div class=\"x-row-inner\"><div class=\"x-col e648-e3 mi0-8 mi0-9 mi0-a mi0-b\"><div class=\"x-bg\" aria-hidden=\"true\"><div class=\"x-bg-layer-lower-image\" style=\" background-image: url(https:\/\/luki-lichtwerbung.de\/wp-content\/uploads\/2025\/09\/gemeinde-bretzfeld.webp); background-repeat: no-repeat; background-position: center; background-size: cover;\"><\/div><\/div><hr class=\"x-line e648-e4 mi0-f mi0-g\"\/><hr class=\"x-line e648-e5 mi0-g mi0-h\"\/><div class=\"x-text x-text-headline e648-e6 mi0-i mi0-j mi0-k\"><div class=\"x-text-content\"><div class=\"x-text-content-text\"><h1 class=\"x-text-content-text-primary\">Gemeinde Bretzfeld<\/h1>\n<\/div><\/div><\/div><div class=\"x-text x-content e648-e7 mi0-o mi0-p\">Wir sind stolz darauf, offizieller Partner des 50-j\u00e4hrigen Gemeindejubil\u00e4ums der Gemeinde Bretzfeld zu sein.<\/div><\/div><div class=\"x-col e648-e8 mi0-a mi0-c panda-border\"><div class=\"x-div x-container max width e648-e9 mi0-r\"><div class=\"x-text x-text-headline e648-e10 mi0-j mi0-l mi0-m\"><div class=\"x-text-content\"><div class=\"x-text-content-text\"><h2 class=\"x-text-content-text-primary\">Unser Engagement in Bretzfeld<\/h2>\n<\/div><\/div><\/div><div class=\"x-text x-content e648-e11 mi0-o mi0-q\"><p data-start=\"132\" data-end=\"421\">Als offizieller Partner des 50-j\u00e4hrigen Gemeindejubil\u00e4ums der Gemeinde Bretzfeld sind wir besonders stolz, unseren Standort und unsere Heimat zu unterst\u00fctzen. Bretzfeld steht seit 1975 f\u00fcr Gemeinschaft, Tradition und Zusammenhalt \u2013 Werte, die auch uns bei LUKI Lichtwerbung wichtig sind.<\/p>\n<p data-start=\"423\" data-end=\"637\">Mit unserem Engagement m\u00f6chten wir zeigen, wie sehr wir uns mit der Region verbunden f\u00fchlen. Wir freuen uns, ein Teil dieser starken Gemeinschaft zu sein und gemeinsam das Jubil\u00e4um 2025 zum Leuchten zu bringen.<\/p><\/div><\/div><\/div><div class=\"x-col e648-e12 mi0-a mi0-b mi0-d\"><div class=\"x-grid x-container max width e648-e13 mi0-s\"><div class=\"x-cell e648-e14 mi0-t\"><span class=\"x-image e648-e15 mi0-u\"><img decoding=\"async\" src=\"https:\/\/luki-lichtwerbung.de\/wp-content\/uploads\/2025\/09\/gemeinde-bretzfeld.webp\" width=\"640\" height=\"358\" alt=\"Image\" loading=\"lazy\"><\/span><\/div><\/div><\/div><\/div><\/div><\/div><div class=\"x-section e648-e16 mi0-0 mi0-2\"><div class=\"x-row x-container max width e648-e17 mi0-3 mi0-5 mi0-7\"><div class=\"x-row-inner\"><div class=\"x-col e648-e18 mi0-8 mi0-a mi0-b mi0-e\"><div class=\"x-text x-text-headline e648-e19 mi0-j mi0-k mi0-l mi0-n\"><div class=\"x-text-content\"><div class=\"x-text-content-text\"><h3 class=\"x-text-content-text-primary\">Interesse geweckt?<\/h3>\n<span class=\"x-text-content-text-subheadline\">Dann kontaktiere uns und werde Teil unserer Sponsoring Welt. Gemeinsam setzen wir dein Unternehmen ins richtige Licht.<\/span><\/div><\/div><\/div><span class=\"x-image e648-e20 mi0-u\"><img decoding=\"async\" src=\"https:\/\/luki-lichtwerbung.de\/wp-content\/uploads\/2025\/03\/Logo-Luki-New-weiss.png\" width=\"650\" height=\"192\" alt=\"Image\" loading=\"lazy\"><\/span><\/div><div class=\"x-col e648-e21 mi0-a mi0-b\">\n<div class=\"wpcf7 no-js\" id=\"wpcf7-f152-o1\" lang=\"de-DE\" dir=\"ltr\" data-wpcf7-id=\"152\">\n<div class=\"screen-reader-response\"><p role=\"status\" aria-live=\"polite\" aria-atomic=\"true\"><\/p> <ul><\/ul><\/div>\n<form action=\"\/en\/wp-json\/wp\/v2\/pages\/648#wpcf7-f152-o1\" method=\"post\" class=\"wpcf7-form init\" aria-label=\"Kontaktformular\" novalidate=\"novalidate\" data-status=\"init\" data-trp-original-action=\"\/en\/wp-json\/wp\/v2\/pages\/648#wpcf7-f152-o1\">\n<fieldset class=\"hidden-fields-container\"><input type=\"hidden\" name=\"_wpcf7\" value=\"152\" \/><input type=\"hidden\" name=\"_wpcf7_version\" value=\"6.1.4\" \/><input type=\"hidden\" name=\"_wpcf7_locale\" value=\"de_DE\" \/><input type=\"hidden\" name=\"_wpcf7_unit_tag\" value=\"wpcf7-f152-o1\" \/><input type=\"hidden\" name=\"_wpcf7_container_post\" value=\"0\" \/><input type=\"hidden\" name=\"_wpcf7_posted_data_hash\" value=\"\" \/>\n<\/fieldset>\n<p><label> company<br \/>\n<span class=\"wpcf7-form-control-wrap\" data-name=\"your-company\"><input size=\"40\" maxlength=\"400\" class=\"wpcf7-form-control wpcf7-text\" autocomplete=\"firma\" aria-invalid=\"false\" value=\"\" type=\"text\" name=\"your-company\" \/><\/span><\/label>\n<\/p>\n<p><label> Name<br \/>\n<span class=\"wpcf7-form-control-wrap\" data-name=\"your-name\"><input size=\"40\" maxlength=\"400\" class=\"wpcf7-form-control wpcf7-text wpcf7-validates-as-required\" autocomplete=\"name\" aria-required=\"true\" aria-invalid=\"false\" value=\"\" type=\"text\" name=\"your-name\" \/><\/span> <\/label>\n<\/p>\n<p><label> email address<br \/>\n<span class=\"wpcf7-form-control-wrap\" data-name=\"your-email\"><input size=\"40\" maxlength=\"400\" class=\"wpcf7-form-control wpcf7-email wpcf7-validates-as-required wpcf7-text wpcf7-validates-as-email\" autocomplete=\"email\" aria-required=\"true\" aria-invalid=\"false\" value=\"\" type=\"email\" name=\"your-email\" \/><\/span> <\/label>\n<\/p>\n<p><label> Subject<br \/>\n<span class=\"wpcf7-form-control-wrap\" data-name=\"your-subject\"><input size=\"40\" maxlength=\"400\" class=\"wpcf7-form-control wpcf7-text wpcf7-validates-as-required\" aria-required=\"true\" aria-invalid=\"false\" value=\"\" type=\"text\" name=\"your-subject\" \/><\/span> <\/label>\n<\/p>\n<p><label> Message (optional)<br \/>\n<span class=\"wpcf7-form-control-wrap\" data-name=\"your-message\"><textarea cols=\"40\" rows=\"10\" maxlength=\"2000\" class=\"wpcf7-form-control wpcf7-textarea\" aria-invalid=\"false\" name=\"your-message\"><\/textarea><\/span> <\/label>\n<\/p>\n<p><input class=\"wpcf7-form-control wpcf7-submit has-spinner\" type=\"submit\" value=\"Senden\" \/>\n<\/p><div class=\"wpcf7-response-output\" aria-hidden=\"true\"><\/div>\n<input type=\"hidden\" name=\"trp-form-language\" value=\"en\"\/><\/form>\n<\/div>\n<\/div><\/div><\/div><\/div><\/div>","protected":false},"excerpt":{"rendered":"<p>Gemeinde Bretzfeld Wir sind stolz darauf, offizieller Partner des 50-j\u00e4hrigen Gemeindejubil\u00e4ums der Gemeinde Bretzfeld zu sein.Unser Engagement in Bretzfeld Als offizieller Partner des 50-j\u00e4hrigen Gemeindejubil\u00e4ums der Gemeinde Bretzfeld sind wir besonders stolz, unseren Standort und unsere Heimat zu unterst\u00fctzen. Bretzfeld steht seit 1975 f\u00fcr Gemeinschaft, Tradition und Zusammenhalt \u2013 Werte, die auch uns bei LUKI Lichtwerbung wichtig sind. Mit unserem &#8230; <\/p>\n<div><a href=\"https:\/\/luki-lichtwerbung.de\/en\/gemeinde-bretzfeld-partner\/\" class=\"more-link\">Read More<\/a><\/div>","protected":false},"author":1,"featured_media":0,"parent":0,"menu_order":0,"comment_status":"closed","ping_status":"closed","template":"template-blank-4.php","meta":{"footnotes":""},"class_list":["post-648","page","type-page","status-publish","hentry","no-post-thumbnail"],"yoast_head":"<!-- This site is optimized with the Yoast SEO plugin v26.8 - https:\/\/yoast.com\/product\/yoast-seo-wordpress\/ -->\n<title>Gemeinde Bretzfeld - Lichtwerbung<\/title>\n<meta name=\"robots\" content=\"index, follow, max-snippet:-1, max-image-preview:large, max-video-preview:-1\" \/>\n<link rel=\"canonical\" href=\"https:\/\/luki-lichtwerbung.de\/en\/gemeinde-bretzfeld-partner\/\" \/>\n<meta property=\"og:locale\" content=\"en_US\" \/>\n<meta property=\"og:type\" content=\"article\" \/>\n<meta property=\"og:title\" content=\"Gemeinde Bretzfeld - Lichtwerbung\" \/>\n<meta property=\"og:description\" content=\"Gemeinde Bretzfeld Wir sind stolz darauf, offizieller Partner des 50-j\u00e4hrigen Gemeindejubil\u00e4ums der Gemeinde Bretzfeld zu sein.Unser Engagement in Bretzfeld Als offizieller Partner des 50-j\u00e4hrigen Gemeindejubil\u00e4ums der Gemeinde Bretzfeld sind wir besonders stolz, unseren Standort und unsere Heimat zu unterst\u00fctzen. Bretzfeld steht seit 1975 f\u00fcr Gemeinschaft, Tradition und Zusammenhalt \u2013 Werte, die auch uns bei LUKI Lichtwerbung wichtig sind. Mit unserem ... Read More\" \/>\n<meta property=\"og:url\" content=\"https:\/\/luki-lichtwerbung.de\/en\/gemeinde-bretzfeld-partner\/\" \/>\n<meta property=\"og:site_name\" content=\"Lichtwerbung\" \/>\n<meta property=\"article:modified_time\" content=\"2025-09-05T00:49:55+00:00\" \/>\n<meta name=\"twitter:card\" content=\"summary_large_image\" \/>\n<meta name=\"twitter:label1\" content=\"Est. reading time\" \/>\n\t<meta name=\"twitter:data1\" content=\"2 minutes\" \/>\n<script type=\"application\/ld+json\" class=\"yoast-schema-graph\">{\"@context\":\"https:\/\/schema.org\",\"@graph\":[{\"@type\":\"WebPage\",\"@id\":\"https:\/\/luki-lichtwerbung.de\/gemeinde-bretzfeld-partner\/\",\"url\":\"https:\/\/luki-lichtwerbung.de\/gemeinde-bretzfeld-partner\/\",\"name\":\"Gemeinde Bretzfeld - Lichtwerbung\",\"isPartOf\":{\"@id\":\"https:\/\/luki-lichtwerbung.de\/#website\"},\"datePublished\":\"2025-09-05T00:44:39+00:00\",\"dateModified\":\"2025-09-05T00:49:55+00:00\",\"breadcrumb\":{\"@id\":\"https:\/\/luki-lichtwerbung.de\/gemeinde-bretzfeld-partner\/#breadcrumb\"},\"inLanguage\":\"en-US\",\"potentialAction\":[{\"@type\":\"ReadAction\",\"target\":[\"https:\/\/luki-lichtwerbung.de\/gemeinde-bretzfeld-partner\/\"]}]},{\"@type\":\"BreadcrumbList\",\"@id\":\"https:\/\/luki-lichtwerbung.de\/gemeinde-bretzfeld-partner\/#breadcrumb\",\"itemListElement\":[{\"@type\":\"ListItem\",\"position\":1,\"name\":\"Start\",\"item\":\"https:\/\/luki-lichtwerbung.de\/\"},{\"@type\":\"ListItem\",\"position\":2,\"name\":\"Gemeinde Bretzfeld\"}]},{\"@type\":\"WebSite\",\"@id\":\"https:\/\/luki-lichtwerbung.de\/#website\",\"url\":\"https:\/\/luki-lichtwerbung.de\/\",\"name\":\"Lichtwerbung\",\"description\":\"\",\"publisher\":{\"@id\":\"https:\/\/luki-lichtwerbung.de\/#organization\"},\"potentialAction\":[{\"@type\":\"SearchAction\",\"target\":{\"@type\":\"EntryPoint\",\"urlTemplate\":\"https:\/\/luki-lichtwerbung.de\/?s={search_term_string}\"},\"query-input\":{\"@type\":\"PropertyValueSpecification\",\"valueRequired\":true,\"valueName\":\"search_term_string\"}}],\"inLanguage\":\"en-US\"},{\"@type\":\"Organization\",\"@id\":\"https:\/\/luki-lichtwerbung.de\/#organization\",\"name\":\"Lichtwerbung\",\"url\":\"https:\/\/luki-lichtwerbung.de\/\",\"logo\":{\"@type\":\"ImageObject\",\"inLanguage\":\"en-US\",\"@id\":\"https:\/\/luki-lichtwerbung.de\/#\/schema\/logo\/image\/\",\"url\":\"https:\/\/luki-lichtwerbung.de\/wp-content\/uploads\/2025\/03\/Logo-Luki-New.png\",\"contentUrl\":\"https:\/\/luki-lichtwerbung.de\/wp-content\/uploads\/2025\/03\/Logo-Luki-New.png\",\"width\":650,\"height\":192,\"caption\":\"Lichtwerbung\"},\"image\":{\"@id\":\"https:\/\/luki-lichtwerbung.de\/#\/schema\/logo\/image\/\"},\"sameAs\":[\"https:\/\/www.instagram.com\/luki.lichtwerbung\/\"]}]}<\/script>\n<!-- \/ Yoast SEO plugin. -->","yoast_head_json":{"title":"Gemeinde Bretzfeld - Lichtwerbung","robots":{"index":"index","follow":"follow","max-snippet":"max-snippet:-1","max-image-preview":"max-image-preview:large","max-video-preview":"max-video-preview:-1"},"canonical":"https:\/\/luki-lichtwerbung.de\/en\/gemeinde-bretzfeld-partner\/","og_locale":"en_US","og_type":"article","og_title":"Gemeinde Bretzfeld - Lichtwerbung","og_description":"Gemeinde Bretzfeld Wir sind stolz darauf, offizieller Partner des 50-j\u00e4hrigen Gemeindejubil\u00e4ums der Gemeinde Bretzfeld zu sein.Unser Engagement in Bretzfeld Als offizieller Partner des 50-j\u00e4hrigen Gemeindejubil\u00e4ums der Gemeinde Bretzfeld sind wir besonders stolz, unseren Standort und unsere Heimat zu unterst\u00fctzen. Bretzfeld steht seit 1975 f\u00fcr Gemeinschaft, Tradition und Zusammenhalt \u2013 Werte, die auch uns bei LUKI Lichtwerbung wichtig sind. Mit unserem ... Read More","og_url":"https:\/\/luki-lichtwerbung.de\/en\/gemeinde-bretzfeld-partner\/","og_site_name":"Lichtwerbung","article_modified_time":"2025-09-05T00:49:55+00:00","twitter_card":"summary_large_image","twitter_misc":{"Est. reading time":"2 minutes"},"schema":{"@context":"https:\/\/schema.org","@graph":[{"@type":"WebPage","@id":"https:\/\/luki-lichtwerbung.de\/gemeinde-bretzfeld-partner\/","url":"https:\/\/luki-lichtwerbung.de\/gemeinde-bretzfeld-partner\/","name":"Gemeinde Bretzfeld - Lichtwerbung","isPartOf":{"@id":"https:\/\/luki-lichtwerbung.de\/#website"},"datePublished":"2025-09-05T00:44:39+00:00","dateModified":"2025-09-05T00:49:55+00:00","breadcrumb":{"@id":"https:\/\/luki-lichtwerbung.de\/gemeinde-bretzfeld-partner\/#breadcrumb"},"inLanguage":"en-US","potentialAction":[{"@type":"ReadAction","target":["https:\/\/luki-lichtwerbung.de\/gemeinde-bretzfeld-partner\/"]}]},{"@type":"BreadcrumbList","@id":"https:\/\/luki-lichtwerbung.de\/gemeinde-bretzfeld-partner\/#breadcrumb","itemListElement":[{"@type":"ListItem","position":1,"name":"Start","item":"https:\/\/luki-lichtwerbung.de\/"},{"@type":"ListItem","position":2,"name":"Gemeinde Bretzfeld"}]},{"@type":"WebSite","@id":"https:\/\/luki-lichtwerbung.de\/#website","url":"https:\/\/luki-lichtwerbung.de\/","name":"Illuminated Advertising","description":"","publisher":{"@id":"https:\/\/luki-lichtwerbung.de\/#organization"},"potentialAction":[{"@type":"SearchAction","target":{"@type":"EntryPoint","urlTemplate":"https:\/\/luki-lichtwerbung.de\/?s={search_term_string}"},"query-input":{"@type":"PropertyValueSpecification","valueRequired":true,"valueName":"search_term_string"}}],"inLanguage":"en-US"},{"@type":"Organization","@id":"https:\/\/luki-lichtwerbung.de\/#organization","name":"Illuminated Advertising","url":"https:\/\/luki-lichtwerbung.de\/","logo":{"@type":"ImageObject","inLanguage":"en-US","@id":"https:\/\/luki-lichtwerbung.de\/#\/schema\/logo\/image\/","url":"https:\/\/luki-lichtwerbung.de\/wp-content\/uploads\/2025\/03\/Logo-Luki-New.png","contentUrl":"https:\/\/luki-lichtwerbung.de\/wp-content\/uploads\/2025\/03\/Logo-Luki-New.png","width":650,"height":192,"caption":"Lichtwerbung"},"image":{"@id":"https:\/\/luki-lichtwerbung.de\/#\/schema\/logo\/image\/"},"sameAs":["https:\/\/www.instagram.com\/luki.lichtwerbung\/"]}]}},"_links":{"self":[{"href":"https:\/\/luki-lichtwerbung.de\/en\/wp-json\/wp\/v2\/pages\/648","targetHints":{"allow":["GET"]}}],"collection":[{"href":"https:\/\/luki-lichtwerbung.de\/en\/wp-json\/wp\/v2\/pages"}],"about":[{"href":"https:\/\/luki-lichtwerbung.de\/en\/wp-json\/wp\/v2\/types\/page"}],"author":[{"embeddable":true,"href":"https:\/\/luki-lichtwerbung.de\/en\/wp-json\/wp\/v2\/users\/1"}],"replies":[{"embeddable":true,"href":"https:\/\/luki-lichtwerbung.de\/en\/wp-json\/wp\/v2\/comments?post=648"}],"version-history":[{"count":2,"href":"https:\/\/luki-lichtwerbung.de\/en\/wp-json\/wp\/v2\/pages\/648\/revisions"}],"predecessor-version":[{"id":652,"href":"https:\/\/luki-lichtwerbung.de\/en\/wp-json\/wp\/v2\/pages\/648\/revisions\/652"}],"wp:attachment":[{"href":"https:\/\/luki-lichtwerbung.de\/en\/wp-json\/wp\/v2\/media?parent=648"}],"curies":[{"name":"wp","href":"https:\/\/api.w.org\/{rel}","templated":true}]}}