{"id":93,"date":"2025-03-25T22:54:20","date_gmt":"2025-03-25T21:54:20","guid":{"rendered":"https:\/\/luki-lichtwerbung.de\/?page_id=93"},"modified":"2025-10-09T23:44:18","modified_gmt":"2025-10-09T21:44:18","slug":"beratung-aufmass","status":"publish","type":"page","link":"https:\/\/luki-lichtwerbung.de\/en\/beratung-aufmass\/","title":{"rendered":"Consulting &amp; measurement"},"content":{"rendered":"<div id=\"cs-content\" class=\"cs-content\"><div class=\"x-section e93-e1 m2l-0 m2l-1\"><div class=\"x-row x-hide-sm x-hide-xs e93-e2 m2l-4 m2l-5 m2l-6 m2l-7 m2l-8 m2l-e m2l-f\"><div class=\"x-bg\" aria-hidden=\"true\"><div class=\"x-bg-layer-lower-image\" style=\" background-image: url(https:\/\/luki-lichtwerbung.de\/wp-content\/uploads\/2025\/10\/beratung-und-aufmass-luki-lichtwerbung-heilbronn_75.webp); background-repeat: no-repeat; background-position: center; background-size: cover;\"><\/div><\/div><div class=\"x-row-inner\"><div class=\"x-col e93-e3 m2l-o\"><hr class=\"x-line e93-e4 m2l-s\"\/><\/div><\/div><\/div><div class=\"x-row x-hide-lg x-hide-md x-hide-xl e93-e5 m2l-4 m2l-5 m2l-6 m2l-7 m2l-8 m2l-e m2l-g\"><div class=\"x-bg\" aria-hidden=\"true\"><div class=\"x-bg-layer-lower-image\" style=\" background-image: url(https:\/\/luki-lichtwerbung.de\/wp-content\/uploads\/2025\/10\/beratung-und-aufmass-bei-luki.webp); background-repeat: no-repeat; background-position: center; background-size: cover;\"><\/div><\/div><div class=\"x-row-inner\"><div class=\"x-col e93-e6 m2l-o\"><hr class=\"x-line e93-e7 m2l-s\"\/><\/div><\/div><\/div><\/div><div class=\"x-section e93-e8 m2l-0 m2l-2\"><div class=\"x-div x-container max width e93-e9 m2l-t m2l-u m2l-v m2l-w\"><div class=\"x-row e93-e10 m2l-5 m2l-6 m2l-9 m2l-a m2l-b m2l-e m2l-h\"><div class=\"x-row-inner\"><div class=\"x-col e93-e11 m2l-o m2l-p m2l-q\"><div class=\"x-text x-text-headline e93-e12 m2l-10 m2l-11 m2l-12 m2l-13\"><div class=\"x-text-content\"><div class=\"x-text-content-text\"><h2 class=\"x-text-content-text-primary\">Consulting &amp; measurement<\/h2>\n<span class=\"x-text-content-text-subheadline\">We take measurements - you get perfect advertising<\/span><\/div><\/div><\/div><a class=\"x-anchor x-anchor-button e93-e13 m2l-17\" tabindex=\"0\" href=\"\/en\/kontakt\/\"><div class=\"x-anchor-content\"><div class=\"x-anchor-text\"><span class=\"x-anchor-text-primary\">Make an appointment now<\/span><\/div><\/div><\/a><\/div><\/div><\/div><div class=\"x-row e93-e14 m2l-5 m2l-6 m2l-9 m2l-a m2l-b m2l-e m2l-i\"><div class=\"x-row-inner\"><div class=\"x-col e93-e15 m2l-o m2l-p m2l-q\"><div class=\"x-text x-content e93-e16 m2l-18 m2l-19 m2l-1a\"><p>Are you looking for modern illuminated advertising and customized lighting concepts for indoor and outdoor use? Do you already have specific ideas that you would like to implement?<br \/>\nWe accompany you from the initial idea to its realization, true to the motto: <em>Geht nicht, gibt\u2019s nicht!<\/em><\/p>\n<p>The first step is to take <strong>measurements on site.<\/strong>. We take precise measurements and note all relevant details to create the perfect basis for your illuminated advertising. We show you the various <strong>We offer a range of illuminated advertising<\/strong> options and advise you on design and customization, for example in terms of size or color, to ensure that everything fits your company perfectly.<\/p>\n<p>Another advantage: shortly after the appointment, you will receive a <strong>visualization of your system<\/strong>\u00a0with before and after images as well as day and night views. This allows you to get a realistic idea of the final result.<\/p>\n<p>In addition, we take all special requirements for installation into account when taking measurements. For example, we check in advance whether a lifting platform or crane is required and whether road closures need to be organized. This ensures that delivery and installation go smoothly.<\/p><\/div><\/div><\/div><\/div><div class=\"x-row e93-e17 m2l-5 m2l-6 m2l-9 m2l-a m2l-c m2l-e m2l-j\"><div class=\"x-row-inner\"><div class=\"x-col e93-e18 m2l-o\"><div class=\"x-text x-text-headline e93-e19 m2l-10 m2l-11 m2l-14 m2l-15\"><div class=\"x-text-content\"><div class=\"x-text-content-text\"><h2 class=\"x-text-content-text-primary\">Arguments for trust \/ Advantages<\/h2>\n<\/div><\/div><\/div><ul class=\"x-row e93-e20 m2l-6 m2l-7 m2l-9 m2l-d m2l-k m2l-l\"><div class=\"x-row-inner\"><li class=\"x-col e93-e21 m2l-o m2l-p m2l-r\"><figure class=\"x-div e93-e22 m2l-t m2l-u m2l-w m2l-x\"><i class=\"x-icon e93-e23 m2l-1d m2l-1e\" aria-hidden=\"true\" data-x-icon-o=\"&#xf00c;\"><\/i><\/figure><div class=\"x-div e93-e24 m2l-u m2l-v m2l-w m2l-y m2l-3 x-effect-exit\" data-x-effect=\"{&quot;scroll&quot;:true,&quot;offsetTop&quot;:&quot;10%&quot;,&quot;offsetBottom&quot;:&quot;15%&quot;,&quot;behaviorScroll&quot;:&quot;fire-once&quot;}\"><div class=\"x-text x-content e93-e25 m2l-18 m2l-19 m2l-1b\">Personal on-site service<\/div><\/div><\/li><li class=\"x-col e93-e26 m2l-o m2l-p m2l-r\"><figure class=\"x-div e93-e27 m2l-t m2l-u m2l-w m2l-x\"><i class=\"x-icon e93-e28 m2l-1d m2l-1e\" aria-hidden=\"true\" data-x-icon-o=\"&#xf00c;\"><\/i><\/figure><div class=\"x-div e93-e29 m2l-u m2l-v m2l-w m2l-y m2l-3 x-effect-exit\" data-x-effect=\"{&quot;scroll&quot;:true,&quot;offsetTop&quot;:&quot;10%&quot;,&quot;offsetBottom&quot;:&quot;15%&quot;,&quot;behaviorScroll&quot;:&quot;fire-once&quot;}\"><div class=\"x-text x-content e93-e30 m2l-18 m2l-19 m2l-1b\">Measurements taken by experienced professionals<\/div><\/div><\/li><li class=\"x-col e93-e31 m2l-o m2l-p m2l-r\"><figure class=\"x-div e93-e32 m2l-t m2l-u m2l-w m2l-x\"><i class=\"x-icon e93-e33 m2l-1d m2l-1e\" aria-hidden=\"true\" data-x-icon-o=\"&#xf00c;\"><\/i><\/figure><div class=\"x-div e93-e34 m2l-u m2l-v m2l-w m2l-y m2l-3 x-effect-exit\" data-x-effect=\"{&quot;scroll&quot;:true,&quot;offsetTop&quot;:&quot;10%&quot;,&quot;offsetBottom&quot;:&quot;15%&quot;,&quot;behaviorScroll&quot;:&quot;fire-once&quot;}\"><div class=\"x-text x-content e93-e35 m2l-18 m2l-19 m2l-1b\">Advice on optimal placement and impact<\/div><\/div><\/li><li class=\"x-col e93-e36 m2l-o m2l-p m2l-r\"><figure class=\"x-div e93-e37 m2l-t m2l-u m2l-w m2l-x\"><i class=\"x-icon e93-e38 m2l-1d m2l-1e\" aria-hidden=\"true\" data-x-icon-o=\"&#xf00c;\"><\/i><\/figure><div class=\"x-div e93-e39 m2l-u m2l-v m2l-w m2l-y m2l-3 x-effect-exit\" data-x-effect=\"{&quot;scroll&quot;:true,&quot;offsetTop&quot;:&quot;10%&quot;,&quot;offsetBottom&quot;:&quot;15%&quot;,&quot;behaviorScroll&quot;:&quot;fire-once&quot;}\"><div class=\"x-text x-content e93-e40 m2l-18 m2l-19 m2l-1b\">Visualization shortly after the appointment<\/div><\/div><\/li><\/div><\/ul><\/div><div class=\"x-col e93-e41 m2l-o\"><div class=\"x-text x-text-headline e93-e42 m2l-10 m2l-11 m2l-12 m2l-15\"><div class=\"x-text-content\"><div class=\"x-text-content-text\"><h2 class=\"x-text-content-text-primary\">Procedure \u2013 How it works<\/h2>\n<\/div><\/div><\/div><ul class=\"x-row e93-e43 m2l-6 m2l-7 m2l-9 m2l-d m2l-k m2l-m\"><div class=\"x-row-inner\"><li class=\"x-col e93-e44 m2l-o m2l-p m2l-r\"><figure class=\"x-div e93-e45 m2l-t m2l-u m2l-w m2l-x\"><i class=\"x-icon e93-e46 m2l-1d m2l-1f\" aria-hidden=\"true\" data-x-icon-s=\"&#x31;\"><\/i><\/figure><div class=\"x-div e93-e47 m2l-u m2l-v m2l-w m2l-y m2l-3 x-effect-exit\" data-x-effect=\"{&quot;scroll&quot;:true,&quot;offsetTop&quot;:&quot;10%&quot;,&quot;offsetBottom&quot;:&quot;15%&quot;,&quot;behaviorScroll&quot;:&quot;fire-once&quot;}\"><div class=\"x-text x-content e93-e48 m2l-18 m2l-19 m2l-1b\">Send inquiry<\/div><\/div><\/li><li class=\"x-col e93-e49 m2l-o m2l-p m2l-r\"><figure class=\"x-div e93-e50 m2l-t m2l-u m2l-w m2l-x\"><i class=\"x-icon e93-e51 m2l-1d m2l-1f\" aria-hidden=\"true\" data-x-icon-s=\"&#x32;\"><\/i><\/figure><div class=\"x-div e93-e52 m2l-u m2l-v m2l-w m2l-y m2l-3 x-effect-exit\" data-x-effect=\"{&quot;scroll&quot;:true,&quot;offsetTop&quot;:&quot;10%&quot;,&quot;offsetBottom&quot;:&quot;15%&quot;,&quot;behaviorScroll&quot;:&quot;fire-once&quot;}\"><div class=\"x-text x-content e93-e53 m2l-18 m2l-19 m2l-1b\">Feedback &amp; Appointment Scheduling<\/div><\/div><\/li><li class=\"x-col e93-e54 m2l-o m2l-p m2l-r\"><figure class=\"x-div e93-e55 m2l-t m2l-u m2l-w m2l-x\"><i class=\"x-icon e93-e56 m2l-1d m2l-1f\" aria-hidden=\"true\" data-x-icon-s=\"&#x33;\"><\/i><\/figure><div class=\"x-div e93-e57 m2l-u m2l-v m2l-w m2l-y m2l-3 x-effect-exit\" data-x-effect=\"{&quot;scroll&quot;:true,&quot;offsetTop&quot;:&quot;10%&quot;,&quot;offsetBottom&quot;:&quot;15%&quot;,&quot;behaviorScroll&quot;:&quot;fire-once&quot;}\"><div class=\"x-text x-content e93-e58 m2l-18 m2l-19 m2l-1b\">On-site appointment &amp; measurements<\/div><\/div><\/li><li class=\"x-col e93-e59 m2l-o m2l-p m2l-r\"><figure class=\"x-div e93-e60 m2l-t m2l-u m2l-w m2l-x\"><i class=\"x-icon e93-e61 m2l-1d m2l-1f\" aria-hidden=\"true\" data-x-icon-s=\"&#x34;\"><\/i><\/figure><div class=\"x-div e93-e62 m2l-u m2l-v m2l-w m2l-y m2l-3 x-effect-exit\" data-x-effect=\"{&quot;scroll&quot;:true,&quot;offsetTop&quot;:&quot;10%&quot;,&quot;offsetBottom&quot;:&quot;15%&quot;,&quot;behaviorScroll&quot;:&quot;fire-once&quot;}\"><div class=\"x-text x-content e93-e63 m2l-18 m2l-19 m2l-1b\">Visualization &amp; Quotation<\/div><\/div><\/li><\/div><\/ul><\/div><\/div><\/div><div class=\"x-row e93-e64 m2l-5 m2l-6 m2l-7 m2l-8 m2l-9 m2l-e m2l-n\"><div class=\"x-row-inner\"><div class=\"x-col e93-e65 m2l-o\"><div class=\"x-text x-text-headline e93-e66 m2l-10 m2l-12 m2l-15 m2l-16\"><div class=\"x-text-content\"><div class=\"x-text-content-text\"><h2 class=\"x-text-content-text-primary\">A perfect fit right from the start<\/h2>\n<\/div><\/div><\/div><div class=\"x-text x-content e93-e67 m2l-18 m2l-1a m2l-1c\"><p data-start=\"205\" data-end=\"522\">At LUKI Lichtwerbung, every project begins with professional measurements and a personal consultation on site.<br data-start=\"322\" data-end=\"325\" \/>Our experts take the time to work with you to find the optimal solution for your advertising system\u2014technically feasible, economically viable, and perfectly matched to your facade.<\/p>\n<p data-start=\"524\" data-end=\"674\">Whether it's a new build, conversion, or modernization: we take precise measurements, plan carefully, and provide transparent advice \u2013 so that your illuminated advertising is impressive right from the start.<\/p><\/div><div class=\"x-div e93-e68 m2l-t m2l-u m2l-v m2l-z\"><a class=\"x-anchor x-anchor-button e93-e69 m2l-17\" tabindex=\"0\" href=\"\/en\/gestaltung-visualisierung\/\"><div class=\"x-anchor-content\"><div class=\"x-anchor-text\"><span class=\"x-anchor-text-primary\">Continue to the next step <\/span><\/div><\/div><\/a><\/div><\/div><\/div><\/div><\/div><\/div><\/div>","protected":false},"excerpt":{"rendered":"<p>Beratung &#038; Aufma\u00df Wir nehmen Ma&szlig; &#8211; Du bekommst perfekte WerbungJetzt Termin vereinbarenDu suchst nach moderner Lichtwerbung und individuellen Lichtkonzepten f\u00fcr innen und au\u00dfen? Hast schon konkrete Vorstellungen, die du umsetzen m\u00f6chtest? Wir begleiten dich von der Idee bis zur Realisierung ganz nach dem Motto: Geht nicht, gibt\u2019s nicht! Der erste Schritt ist das Aufma\u00df vor Ort. Dabei nehmen wir &#8230; <\/p>\n<div><a href=\"https:\/\/luki-lichtwerbung.de\/en\/beratung-aufmass\/\" class=\"more-link\">Read More<\/a><\/div>","protected":false},"author":1,"featured_media":0,"parent":0,"menu_order":0,"comment_status":"closed","ping_status":"closed","template":"template-blank-4.php","meta":{"footnotes":""},"class_list":["post-93","page","type-page","status-publish","hentry","no-post-thumbnail"],"yoast_head":"<!-- This site is optimized with the Yoast SEO plugin v26.8 - https:\/\/yoast.com\/product\/yoast-seo-wordpress\/ -->\n<title>Beratung &amp; Aufma\u00df - Lichtwerbung<\/title>\n<meta name=\"robots\" content=\"index, follow, max-snippet:-1, max-image-preview:large, max-video-preview:-1\" \/>\n<link rel=\"canonical\" href=\"https:\/\/luki-lichtwerbung.de\/en\/beratung-aufmass\/\" \/>\n<meta property=\"og:locale\" content=\"en_US\" \/>\n<meta property=\"og:type\" content=\"article\" \/>\n<meta property=\"og:title\" content=\"Beratung &amp; Aufma\u00df - Lichtwerbung\" \/>\n<meta property=\"og:description\" content=\"Beratung &amp; Aufma\u00df Wir nehmen Ma&szlig; - Du bekommst perfekte WerbungJetzt Termin vereinbarenDu suchst nach moderner Lichtwerbung und individuellen Lichtkonzepten f\u00fcr innen und au\u00dfen? Hast schon konkrete Vorstellungen, die du umsetzen m\u00f6chtest? Wir begleiten dich von der Idee bis zur Realisierung ganz nach dem Motto: Geht nicht, gibt\u2019s nicht! Der erste Schritt ist das Aufma\u00df vor Ort. Dabei nehmen wir ... Read More\" \/>\n<meta property=\"og:url\" content=\"https:\/\/luki-lichtwerbung.de\/en\/beratung-aufmass\/\" \/>\n<meta property=\"og:site_name\" content=\"Lichtwerbung\" \/>\n<meta property=\"article:modified_time\" content=\"2025-10-09T21:44:18+00:00\" \/>\n<meta name=\"twitter:card\" content=\"summary_large_image\" \/>\n<meta name=\"twitter:label1\" content=\"Est. reading time\" \/>\n\t<meta name=\"twitter:data1\" content=\"5 minutes\" \/>\n<script type=\"application\/ld+json\" class=\"yoast-schema-graph\">{\"@context\":\"https:\/\/schema.org\",\"@graph\":[{\"@type\":\"WebPage\",\"@id\":\"https:\/\/luki-lichtwerbung.de\/beratung-aufmass\/\",\"url\":\"https:\/\/luki-lichtwerbung.de\/beratung-aufmass\/\",\"name\":\"Beratung & Aufma\u00df - Lichtwerbung\",\"isPartOf\":{\"@id\":\"https:\/\/luki-lichtwerbung.de\/#website\"},\"datePublished\":\"2025-03-25T21:54:20+00:00\",\"dateModified\":\"2025-10-09T21:44:18+00:00\",\"breadcrumb\":{\"@id\":\"https:\/\/luki-lichtwerbung.de\/beratung-aufmass\/#breadcrumb\"},\"inLanguage\":\"en-US\",\"potentialAction\":[{\"@type\":\"ReadAction\",\"target\":[\"https:\/\/luki-lichtwerbung.de\/beratung-aufmass\/\"]}]},{\"@type\":\"BreadcrumbList\",\"@id\":\"https:\/\/luki-lichtwerbung.de\/beratung-aufmass\/#breadcrumb\",\"itemListElement\":[{\"@type\":\"ListItem\",\"position\":1,\"name\":\"Start\",\"item\":\"https:\/\/luki-lichtwerbung.de\/\"},{\"@type\":\"ListItem\",\"position\":2,\"name\":\"Beratung &#038; Aufma\u00df\"}]},{\"@type\":\"WebSite\",\"@id\":\"https:\/\/luki-lichtwerbung.de\/#website\",\"url\":\"https:\/\/luki-lichtwerbung.de\/\",\"name\":\"Lichtwerbung\",\"description\":\"\",\"publisher\":{\"@id\":\"https:\/\/luki-lichtwerbung.de\/#organization\"},\"potentialAction\":[{\"@type\":\"SearchAction\",\"target\":{\"@type\":\"EntryPoint\",\"urlTemplate\":\"https:\/\/luki-lichtwerbung.de\/?s={search_term_string}\"},\"query-input\":{\"@type\":\"PropertyValueSpecification\",\"valueRequired\":true,\"valueName\":\"search_term_string\"}}],\"inLanguage\":\"en-US\"},{\"@type\":\"Organization\",\"@id\":\"https:\/\/luki-lichtwerbung.de\/#organization\",\"name\":\"Lichtwerbung\",\"url\":\"https:\/\/luki-lichtwerbung.de\/\",\"logo\":{\"@type\":\"ImageObject\",\"inLanguage\":\"en-US\",\"@id\":\"https:\/\/luki-lichtwerbung.de\/#\/schema\/logo\/image\/\",\"url\":\"https:\/\/luki-lichtwerbung.de\/wp-content\/uploads\/2025\/03\/Logo-Luki-New.png\",\"contentUrl\":\"https:\/\/luki-lichtwerbung.de\/wp-content\/uploads\/2025\/03\/Logo-Luki-New.png\",\"width\":650,\"height\":192,\"caption\":\"Lichtwerbung\"},\"image\":{\"@id\":\"https:\/\/luki-lichtwerbung.de\/#\/schema\/logo\/image\/\"},\"sameAs\":[\"https:\/\/www.instagram.com\/luki.lichtwerbung\/\"]}]}<\/script>\n<!-- \/ Yoast SEO plugin. -->","yoast_head_json":{"title":"Beratung & Aufma\u00df - Lichtwerbung","robots":{"index":"index","follow":"follow","max-snippet":"max-snippet:-1","max-image-preview":"max-image-preview:large","max-video-preview":"max-video-preview:-1"},"canonical":"https:\/\/luki-lichtwerbung.de\/en\/beratung-aufmass\/","og_locale":"en_US","og_type":"article","og_title":"Beratung & Aufma\u00df - Lichtwerbung","og_description":"Beratung & Aufma\u00df Wir nehmen Ma&szlig; - Du bekommst perfekte WerbungJetzt Termin vereinbarenDu suchst nach moderner Lichtwerbung und individuellen Lichtkonzepten f\u00fcr innen und au\u00dfen? Hast schon konkrete Vorstellungen, die du umsetzen m\u00f6chtest? Wir begleiten dich von der Idee bis zur Realisierung ganz nach dem Motto: Geht nicht, gibt\u2019s nicht! Der erste Schritt ist das Aufma\u00df vor Ort. Dabei nehmen wir ... Read More","og_url":"https:\/\/luki-lichtwerbung.de\/en\/beratung-aufmass\/","og_site_name":"Lichtwerbung","article_modified_time":"2025-10-09T21:44:18+00:00","twitter_card":"summary_large_image","twitter_misc":{"Est. reading time":"5 minutes"},"schema":{"@context":"https:\/\/schema.org","@graph":[{"@type":"WebPage","@id":"https:\/\/luki-lichtwerbung.de\/beratung-aufmass\/","url":"https:\/\/luki-lichtwerbung.de\/beratung-aufmass\/","name":"Beratung & Aufma\u00df - Lichtwerbung","isPartOf":{"@id":"https:\/\/luki-lichtwerbung.de\/#website"},"datePublished":"2025-03-25T21:54:20+00:00","dateModified":"2025-10-09T21:44:18+00:00","breadcrumb":{"@id":"https:\/\/luki-lichtwerbung.de\/beratung-aufmass\/#breadcrumb"},"inLanguage":"en-US","potentialAction":[{"@type":"ReadAction","target":["https:\/\/luki-lichtwerbung.de\/beratung-aufmass\/"]}]},{"@type":"BreadcrumbList","@id":"https:\/\/luki-lichtwerbung.de\/beratung-aufmass\/#breadcrumb","itemListElement":[{"@type":"ListItem","position":1,"name":"Start","item":"https:\/\/luki-lichtwerbung.de\/"},{"@type":"ListItem","position":2,"name":"Beratung &#038; Aufma\u00df"}]},{"@type":"WebSite","@id":"https:\/\/luki-lichtwerbung.de\/#website","url":"https:\/\/luki-lichtwerbung.de\/","name":"Illuminated Advertising","description":"","publisher":{"@id":"https:\/\/luki-lichtwerbung.de\/#organization"},"potentialAction":[{"@type":"SearchAction","target":{"@type":"EntryPoint","urlTemplate":"https:\/\/luki-lichtwerbung.de\/?s={search_term_string}"},"query-input":{"@type":"PropertyValueSpecification","valueRequired":true,"valueName":"search_term_string"}}],"inLanguage":"en-US"},{"@type":"Organization","@id":"https:\/\/luki-lichtwerbung.de\/#organization","name":"Illuminated Advertising","url":"https:\/\/luki-lichtwerbung.de\/","logo":{"@type":"ImageObject","inLanguage":"en-US","@id":"https:\/\/luki-lichtwerbung.de\/#\/schema\/logo\/image\/","url":"https:\/\/luki-lichtwerbung.de\/wp-content\/uploads\/2025\/03\/Logo-Luki-New.png","contentUrl":"https:\/\/luki-lichtwerbung.de\/wp-content\/uploads\/2025\/03\/Logo-Luki-New.png","width":650,"height":192,"caption":"Lichtwerbung"},"image":{"@id":"https:\/\/luki-lichtwerbung.de\/#\/schema\/logo\/image\/"},"sameAs":["https:\/\/www.instagram.com\/luki.lichtwerbung\/"]}]}},"_links":{"self":[{"href":"https:\/\/luki-lichtwerbung.de\/en\/wp-json\/wp\/v2\/pages\/93","targetHints":{"allow":["GET"]}}],"collection":[{"href":"https:\/\/luki-lichtwerbung.de\/en\/wp-json\/wp\/v2\/pages"}],"about":[{"href":"https:\/\/luki-lichtwerbung.de\/en\/wp-json\/wp\/v2\/types\/page"}],"author":[{"embeddable":true,"href":"https:\/\/luki-lichtwerbung.de\/en\/wp-json\/wp\/v2\/users\/1"}],"replies":[{"embeddable":true,"href":"https:\/\/luki-lichtwerbung.de\/en\/wp-json\/wp\/v2\/comments?post=93"}],"version-history":[{"count":19,"href":"https:\/\/luki-lichtwerbung.de\/en\/wp-json\/wp\/v2\/pages\/93\/revisions"}],"predecessor-version":[{"id":1028,"href":"https:\/\/luki-lichtwerbung.de\/en\/wp-json\/wp\/v2\/pages\/93\/revisions\/1028"}],"wp:attachment":[{"href":"https:\/\/luki-lichtwerbung.de\/en\/wp-json\/wp\/v2\/media?parent=93"}],"curies":[{"name":"wp","href":"https:\/\/api.w.org\/{rel}","templated":true}]}}