{"id":95,"date":"2025-03-25T22:55:00","date_gmt":"2025-03-25T21:55:00","guid":{"rendered":"https:\/\/luki-lichtwerbung.de\/?page_id=95"},"modified":"2026-01-22T16:15:08","modified_gmt":"2026-01-22T15:15:08","slug":"gestaltung-visualisierung","status":"publish","type":"page","link":"https:\/\/luki-lichtwerbung.de\/en\/gestaltung-visualisierung\/","title":{"rendered":"Design &amp; Visualization"},"content":{"rendered":"<div id=\"cs-content\" class=\"cs-content\"><div class=\"x-section e95-e1 m2n-0 m2n-1\"><div class=\"x-row e95-e2 m2n-6 m2n-7 m2n-9 m2n-a\"><div class=\"x-bg\" aria-hidden=\"true\"><div class=\"x-bg-layer-lower-image\" style=\" background-image: url(https:\/\/luki-lichtwerbung.de\/wp-content\/uploads\/2025\/09\/gestaltung-und-visualisierung-lichtwerbung.webp); background-repeat: no-repeat; background-position: center; background-size: cover;\"><\/div><\/div><div class=\"x-row-inner\"><div class=\"x-col e95-e3 m2n-f m2n-g m2n-h m2n-i m2n-j m2n-k m2n-l\"><hr class=\"x-line e95-e4 m2n-p\"\/><\/div><\/div><\/div><\/div><div class=\"x-section e95-e5 m2n-0 m2n-2 m2n-3\"><div class=\"x-row x-container max width e95-e6 m2n-7 m2n-8 m2n-9 m2n-b\"><div class=\"x-row-inner\"><div class=\"x-col e95-e7 m2n-f m2n-g m2n-h m2n-i m2n-j m2n-k\"><div class=\"x-div e95-e8 m2n-q\"><div class=\"x-text x-text-headline e95-e9 m2n-s m2n-t m2n-u m2n-v\"><div class=\"x-text-content\"><div class=\"x-text-content-text\"><h1 class=\"x-text-content-text-primary\">Design &amp; Visualization<\/h1>\n<\/div><\/div><\/div><a class=\"x-anchor x-anchor-button e95-e10 m2n-z\" tabindex=\"0\" href=\"\/en\/kontakt\/\"><div class=\"x-anchor-content\"><div class=\"x-anchor-text\"><span class=\"x-anchor-text-primary\">Make an appointment now<\/span><\/div><\/div><\/a><\/div><div class=\"x-text x-content e95-e11 m2n-10\"><p>After taking measurements on site, the creative phase begins. Based on the data collected, we develop your individual concept, taking into account all your wishes regarding size, color, and material.<\/p>\n<p data-start=\"142\" data-end=\"485\">Structural stability and safety are particularly important aspects here. Right from the planning and visualization phase, we ensure that your illuminated advertising is not only aesthetically appealing, but also meets the structural requirements. This allows us to ensure that your system can be installed in a stable, weatherproof, and durable manner.<\/p>\n<p data-start=\"492\" data-end=\"698\">Upon request, we can also take care of the entire <strong data-start=\"540\" data-end=\"589\">building permit application process for your illuminated advertising system<\/strong> and handle all the necessary paperwork and approvals so that you don't have to worry about a thing.<\/p>\n<p>We create detailed visualizations so that you can get a realistic idea of the result before production begins. These include <strong>before-and-after images<\/strong> as well as <strong>day and night views<\/strong>, that show you how your illuminated advertising will look in every situation.<\/p>\n<p>This transparent presentation gives you confidence in your decision and allows you to see exactly how your ideas can be implemented in practice. As soon as you give your approval, we will start production of your system.<\/p><\/div><\/div><div class=\"x-col e95-e12 m2n-i m2n-j m2n-k\"><div class=\"x-div e95-e13 m2n-q\"><span class=\"x-image e95-e14 m2n-11\"><img decoding=\"async\" src=\"https:\/\/luki-lichtwerbung.de\/wp-content\/uploads\/2026\/01\/gestaltung-visualisierung-luki-neu.webp\" width=\"500\" height=\"749\" alt=\"Image\" loading=\"lazy\"><\/span><\/div><\/div><\/div><\/div><\/div><div class=\"x-row x-container max width e95-e49 m2n-7 m2n-8 m2n-9 m2n-e\"><div class=\"x-row-inner\"><div class=\"x-col e95-e50 m2n-i m2n-j m2n-o\"><a class=\"x-anchor x-anchor-button e95-e51 m2n-z\" tabindex=\"0\" href=\"\/en\/produktion-made-in-germany\/\"><div class=\"x-anchor-content\"><div class=\"x-anchor-text\"><span class=\"x-anchor-text-primary\">Continue to the next step <\/span><\/div><\/div><\/a><\/div><\/div><\/div><\/div>","protected":false},"excerpt":{"rendered":"<p>Gestaltung &#038; Visualisierung Jetzt Termin vereinbarenNach dem Aufma\u00df vor Ort beginnt die kreative Phase. Auf Grundlage der gesammelten Daten entwickeln wir dein individuelles Konzept und ber\u00fccksichtigen dabei alle deine W\u00fcnsche zu Gr\u00f6\u00dfe, Farbe und Material. Ein besonders wichtiger Aspekt ist dabei die Statik und Sicherheit. Bereits in der Planungs- und Visualisierungsphase achten wir darauf, dass deine Lichtwerbung nicht nur \u00e4sthetisch &#8230; <\/p>\n<div><a href=\"https:\/\/luki-lichtwerbung.de\/en\/gestaltung-visualisierung\/\" class=\"more-link\">Read More<\/a><\/div>","protected":false},"author":1,"featured_media":0,"parent":0,"menu_order":0,"comment_status":"closed","ping_status":"closed","template":"template-blank-4.php","meta":{"footnotes":""},"class_list":["post-95","page","type-page","status-publish","hentry","no-post-thumbnail"],"yoast_head":"<!-- This site is optimized with the Yoast SEO plugin v26.8 - https:\/\/yoast.com\/product\/yoast-seo-wordpress\/ -->\n<title>Gestaltung &amp; Visualisierung - Lichtwerbung<\/title>\n<meta name=\"robots\" content=\"index, follow, max-snippet:-1, max-image-preview:large, max-video-preview:-1\" \/>\n<link rel=\"canonical\" href=\"https:\/\/luki-lichtwerbung.de\/en\/gestaltung-visualisierung\/\" \/>\n<meta property=\"og:locale\" content=\"en_US\" \/>\n<meta property=\"og:type\" content=\"article\" \/>\n<meta property=\"og:title\" content=\"Gestaltung &amp; Visualisierung - Lichtwerbung\" \/>\n<meta property=\"og:description\" content=\"Gestaltung &amp; Visualisierung Jetzt Termin vereinbarenNach dem Aufma\u00df vor Ort beginnt die kreative Phase. Auf Grundlage der gesammelten Daten entwickeln wir dein individuelles Konzept und ber\u00fccksichtigen dabei alle deine W\u00fcnsche zu Gr\u00f6\u00dfe, Farbe und Material. Ein besonders wichtiger Aspekt ist dabei die Statik und Sicherheit. Bereits in der Planungs- und Visualisierungsphase achten wir darauf, dass deine Lichtwerbung nicht nur \u00e4sthetisch ... Read More\" \/>\n<meta property=\"og:url\" content=\"https:\/\/luki-lichtwerbung.de\/en\/gestaltung-visualisierung\/\" \/>\n<meta property=\"og:site_name\" content=\"Lichtwerbung\" \/>\n<meta property=\"article:modified_time\" content=\"2026-01-22T15:15:08+00:00\" \/>\n<meta name=\"twitter:card\" content=\"summary_large_image\" \/>\n<meta name=\"twitter:label1\" content=\"Est. reading time\" \/>\n\t<meta name=\"twitter:data1\" content=\"3 minutes\" \/>\n<script type=\"application\/ld+json\" class=\"yoast-schema-graph\">{\"@context\":\"https:\/\/schema.org\",\"@graph\":[{\"@type\":\"WebPage\",\"@id\":\"https:\/\/luki-lichtwerbung.de\/gestaltung-visualisierung\/\",\"url\":\"https:\/\/luki-lichtwerbung.de\/gestaltung-visualisierung\/\",\"name\":\"Gestaltung & Visualisierung - Lichtwerbung\",\"isPartOf\":{\"@id\":\"https:\/\/luki-lichtwerbung.de\/#website\"},\"datePublished\":\"2025-03-25T21:55:00+00:00\",\"dateModified\":\"2026-01-22T15:15:08+00:00\",\"breadcrumb\":{\"@id\":\"https:\/\/luki-lichtwerbung.de\/gestaltung-visualisierung\/#breadcrumb\"},\"inLanguage\":\"en-US\",\"potentialAction\":[{\"@type\":\"ReadAction\",\"target\":[\"https:\/\/luki-lichtwerbung.de\/gestaltung-visualisierung\/\"]}]},{\"@type\":\"BreadcrumbList\",\"@id\":\"https:\/\/luki-lichtwerbung.de\/gestaltung-visualisierung\/#breadcrumb\",\"itemListElement\":[{\"@type\":\"ListItem\",\"position\":1,\"name\":\"Start\",\"item\":\"https:\/\/luki-lichtwerbung.de\/\"},{\"@type\":\"ListItem\",\"position\":2,\"name\":\"Gestaltung &#038; Visualisierung\"}]},{\"@type\":\"WebSite\",\"@id\":\"https:\/\/luki-lichtwerbung.de\/#website\",\"url\":\"https:\/\/luki-lichtwerbung.de\/\",\"name\":\"Lichtwerbung\",\"description\":\"\",\"publisher\":{\"@id\":\"https:\/\/luki-lichtwerbung.de\/#organization\"},\"potentialAction\":[{\"@type\":\"SearchAction\",\"target\":{\"@type\":\"EntryPoint\",\"urlTemplate\":\"https:\/\/luki-lichtwerbung.de\/?s={search_term_string}\"},\"query-input\":{\"@type\":\"PropertyValueSpecification\",\"valueRequired\":true,\"valueName\":\"search_term_string\"}}],\"inLanguage\":\"en-US\"},{\"@type\":\"Organization\",\"@id\":\"https:\/\/luki-lichtwerbung.de\/#organization\",\"name\":\"Lichtwerbung\",\"url\":\"https:\/\/luki-lichtwerbung.de\/\",\"logo\":{\"@type\":\"ImageObject\",\"inLanguage\":\"en-US\",\"@id\":\"https:\/\/luki-lichtwerbung.de\/#\/schema\/logo\/image\/\",\"url\":\"https:\/\/luki-lichtwerbung.de\/wp-content\/uploads\/2025\/03\/Logo-Luki-New.png\",\"contentUrl\":\"https:\/\/luki-lichtwerbung.de\/wp-content\/uploads\/2025\/03\/Logo-Luki-New.png\",\"width\":650,\"height\":192,\"caption\":\"Lichtwerbung\"},\"image\":{\"@id\":\"https:\/\/luki-lichtwerbung.de\/#\/schema\/logo\/image\/\"},\"sameAs\":[\"https:\/\/www.instagram.com\/luki.lichtwerbung\/\"]}]}<\/script>\n<!-- \/ Yoast SEO plugin. -->","yoast_head_json":{"title":"Gestaltung & Visualisierung - Lichtwerbung","robots":{"index":"index","follow":"follow","max-snippet":"max-snippet:-1","max-image-preview":"max-image-preview:large","max-video-preview":"max-video-preview:-1"},"canonical":"https:\/\/luki-lichtwerbung.de\/en\/gestaltung-visualisierung\/","og_locale":"en_US","og_type":"article","og_title":"Gestaltung & Visualisierung - Lichtwerbung","og_description":"Gestaltung & Visualisierung Jetzt Termin vereinbarenNach dem Aufma\u00df vor Ort beginnt die kreative Phase. Auf Grundlage der gesammelten Daten entwickeln wir dein individuelles Konzept und ber\u00fccksichtigen dabei alle deine W\u00fcnsche zu Gr\u00f6\u00dfe, Farbe und Material. Ein besonders wichtiger Aspekt ist dabei die Statik und Sicherheit. Bereits in der Planungs- und Visualisierungsphase achten wir darauf, dass deine Lichtwerbung nicht nur \u00e4sthetisch ... Read More","og_url":"https:\/\/luki-lichtwerbung.de\/en\/gestaltung-visualisierung\/","og_site_name":"Lichtwerbung","article_modified_time":"2026-01-22T15:15:08+00:00","twitter_card":"summary_large_image","twitter_misc":{"Est. reading time":"3 minutes"},"schema":{"@context":"https:\/\/schema.org","@graph":[{"@type":"WebPage","@id":"https:\/\/luki-lichtwerbung.de\/gestaltung-visualisierung\/","url":"https:\/\/luki-lichtwerbung.de\/gestaltung-visualisierung\/","name":"Gestaltung & Visualisierung - Lichtwerbung","isPartOf":{"@id":"https:\/\/luki-lichtwerbung.de\/#website"},"datePublished":"2025-03-25T21:55:00+00:00","dateModified":"2026-01-22T15:15:08+00:00","breadcrumb":{"@id":"https:\/\/luki-lichtwerbung.de\/gestaltung-visualisierung\/#breadcrumb"},"inLanguage":"en-US","potentialAction":[{"@type":"ReadAction","target":["https:\/\/luki-lichtwerbung.de\/gestaltung-visualisierung\/"]}]},{"@type":"BreadcrumbList","@id":"https:\/\/luki-lichtwerbung.de\/gestaltung-visualisierung\/#breadcrumb","itemListElement":[{"@type":"ListItem","position":1,"name":"Start","item":"https:\/\/luki-lichtwerbung.de\/"},{"@type":"ListItem","position":2,"name":"Gestaltung &#038; Visualisierung"}]},{"@type":"WebSite","@id":"https:\/\/luki-lichtwerbung.de\/#website","url":"https:\/\/luki-lichtwerbung.de\/","name":"Illuminated Advertising","description":"","publisher":{"@id":"https:\/\/luki-lichtwerbung.de\/#organization"},"potentialAction":[{"@type":"SearchAction","target":{"@type":"EntryPoint","urlTemplate":"https:\/\/luki-lichtwerbung.de\/?s={search_term_string}"},"query-input":{"@type":"PropertyValueSpecification","valueRequired":true,"valueName":"search_term_string"}}],"inLanguage":"en-US"},{"@type":"Organization","@id":"https:\/\/luki-lichtwerbung.de\/#organization","name":"Illuminated Advertising","url":"https:\/\/luki-lichtwerbung.de\/","logo":{"@type":"ImageObject","inLanguage":"en-US","@id":"https:\/\/luki-lichtwerbung.de\/#\/schema\/logo\/image\/","url":"https:\/\/luki-lichtwerbung.de\/wp-content\/uploads\/2025\/03\/Logo-Luki-New.png","contentUrl":"https:\/\/luki-lichtwerbung.de\/wp-content\/uploads\/2025\/03\/Logo-Luki-New.png","width":650,"height":192,"caption":"Lichtwerbung"},"image":{"@id":"https:\/\/luki-lichtwerbung.de\/#\/schema\/logo\/image\/"},"sameAs":["https:\/\/www.instagram.com\/luki.lichtwerbung\/"]}]}},"_links":{"self":[{"href":"https:\/\/luki-lichtwerbung.de\/en\/wp-json\/wp\/v2\/pages\/95","targetHints":{"allow":["GET"]}}],"collection":[{"href":"https:\/\/luki-lichtwerbung.de\/en\/wp-json\/wp\/v2\/pages"}],"about":[{"href":"https:\/\/luki-lichtwerbung.de\/en\/wp-json\/wp\/v2\/types\/page"}],"author":[{"embeddable":true,"href":"https:\/\/luki-lichtwerbung.de\/en\/wp-json\/wp\/v2\/users\/1"}],"replies":[{"embeddable":true,"href":"https:\/\/luki-lichtwerbung.de\/en\/wp-json\/wp\/v2\/comments?post=95"}],"version-history":[{"count":14,"href":"https:\/\/luki-lichtwerbung.de\/en\/wp-json\/wp\/v2\/pages\/95\/revisions"}],"predecessor-version":[{"id":1020,"href":"https:\/\/luki-lichtwerbung.de\/en\/wp-json\/wp\/v2\/pages\/95\/revisions\/1020"}],"wp:attachment":[{"href":"https:\/\/luki-lichtwerbung.de\/en\/wp-json\/wp\/v2\/media?parent=95"}],"curies":[{"name":"wp","href":"https:\/\/api.w.org\/{rel}","templated":true}]}}