{"id":98,"date":"2025-03-25T22:56:02","date_gmt":"2025-03-25T21:56:02","guid":{"rendered":"https:\/\/luki-lichtwerbung.de\/?page_id=98"},"modified":"2025-10-13T17:31:59","modified_gmt":"2025-10-13T15:31:59","slug":"produktion-made-in-germany","status":"publish","type":"page","link":"https:\/\/luki-lichtwerbung.de\/en\/produktion-made-in-germany\/","title":{"rendered":"production"},"content":{"rendered":"<div id=\"cs-content\" class=\"cs-content\"><div class=\"x-section e98-e1 m2q-0 m2q-1 m2q-2 m2q-3 m2q-4\"><div class=\"x-row e98-e2 m2q-a m2q-b m2q-d m2q-e\"><div class=\"x-bg\" aria-hidden=\"true\"><div class=\"x-bg-layer-lower-image\" style=\" background-image: url(https:\/\/luki-lichtwerbung.de\/wp-content\/uploads\/2025\/10\/produktion-luki-lichtwerbung-heilbronn-oehringen-scaled.webp); background-repeat: no-repeat; background-position: center; background-size: cover;\"><\/div><\/div><div class=\"x-row-inner\"><div class=\"x-col e98-e3 m2q-m m2q-n m2q-o\"><hr class=\"x-line e98-e4 m2q-r\"\/><\/div><\/div><\/div><\/div><div class=\"x-section e98-e5 m2q-0 m2q-2 m2q-4 m2q-5\"><div class=\"x-row x-container max width e98-e6 m2q-b m2q-c m2q-d m2q-f\"><div class=\"x-row-inner\"><div class=\"x-col e98-e7 m2q-o\"><div class=\"x-div e98-e8 m2q-s m2q-t m2q-u\"><div class=\"x-text x-text-headline e98-e9 m2q-x m2q-y\"><div class=\"x-text-content\"><div class=\"x-text-content-text\"><h1 class=\"x-text-content-text-primary\">production<\/h1>\n<\/div><\/div><\/div><\/div><div class=\"x-div e98-e10 m2q-s m2q-u m2q-v\"><div class=\"x-text x-text-headline has-graphic e98-e11 m2q-x m2q-z\"><div class=\"x-text-content\"><span class=\"x-graphic\" aria-hidden=\"true\"><span class=\"x-image x-graphic-child x-graphic-image x-graphic-primary\"><img decoding=\"async\" src=\"https:\/\/luki-lichtwerbung.de\/wp-content\/uploads\/2025\/10\/made-in-germany64px.png\" width=\"32\" height=\"27\" alt=\"Image\" loading=\"lazy\"><\/span><\/span><div class=\"x-text-content-text\"><h3 class=\"x-text-content-text-primary\">Made in Germany<\/h3>\n<\/div><\/div><\/div><\/div><\/div><\/div><\/div><\/div><div class=\"x-section e98-e12 m2q-0 m2q-6 m2q-7\"><div class=\"x-bg\" aria-hidden=\"true\"><div class=\"x-bg-layer-lower-image\"><\/div><\/div><div class=\"x-row x-container max width e98-e13 m2q-b m2q-c m2q-d m2q-g\"><div class=\"x-row-inner\"><div class=\"x-col e98-e14 m2q-o m2q-p\"><a class=\"x-anchor x-anchor-button e98-e15 m2q-10\" tabindex=\"0\" href=\"\/en\/kontakt\/\"><div class=\"x-anchor-content\"><div class=\"x-anchor-text\"><span class=\"x-anchor-text-primary\">Contact us now<\/span><\/div><\/div><\/a><\/div><\/div><\/div><\/div><div class=\"x-section e98-e16 m2q-0 m2q-1 m2q-4 m2q-8\"><div class=\"x-row x-container max width e98-e17 m2q-b m2q-c m2q-d m2q-h\"><div class=\"x-row-inner\"><div class=\"x-col e98-e18 m2q-o\"><div class=\"x-text x-content e98-e19 m2q-11 m2q-12 m2q-13\"><p>Once you have given your approval, the customized production of your illuminated advertising begins. Whether it is a one-off or series production, every order is implemented according to the specific requirements and the desired design. That is why the individual production steps are tailored precisely to the product type, size, material, and technology.<\/p>\n<p><\/p><\/div><\/div><\/div><\/div><div class=\"x-row x-container max width e98-e20 m2q-b m2q-c m2q-d m2q-i\"><div class=\"x-row-inner\"><div class=\"x-col e98-e21 m2q-m m2q-o m2q-q\"><div class=\"x-text x-content e98-e22 m2q-11 m2q-12 m2q-14\"><p>Our production combines proven craftsmanship with state-of-the-art technology. Depending on the design, your illuminated advertising undergoes various work steps, which we carry out with the utmost precision:<\/p>\n\n<ul>\n \t<li><strong>Welding and edging<\/strong> \u2013 for stable and durable constructions<\/li>\n \t<li><strong>Polishing and painting<\/strong> \u2013 for perfect surfaces, optimal protection, and a high-quality appearance<\/li>\n \t<li><strong>Foil stamping and printing<\/strong> \u2013 for brilliant colors, detailed logos, and creative designs<\/li>\n \t<li><strong>Laser cutting and punching<\/strong> \u2013 for millimeter-precise shapes and precise details<\/li>\n \t<li><strong>Integration of state-of-the-art LED technology<\/strong> \u2013 for uniform illumination, high energy efficiency, and long service life<\/li>\n \t<li><strong>Our products comply with<\/strong> all applicable standards and guidelines.<\/li>\n<\/ul>\n<p><\/p><\/div><\/div><div class=\"x-col e98-e23 m2q-o\"><span class=\"x-image e98-e24 m2q-16\"><img decoding=\"async\" src=\"https:\/\/luki-lichtwerbung.de\/wp-content\/uploads\/2025\/10\/praezision-bohren-lichtwerbung-600px.webp\" width=\"600\" height=\"425\" alt=\"Image\" loading=\"lazy\"><\/span><\/div><\/div><\/div><div class=\"x-row x-container max width e98-e25 m2q-b m2q-c m2q-d m2q-j\"><div class=\"x-row-inner\"><div class=\"x-col e98-e26 m2q-o\"><div class=\"x-text x-content e98-e27 m2q-11 m2q-14 m2q-15\"><p>All these steps are carried out exactly according to customer requirements. Finally, each system undergoes thorough <strong>quality control<\/strong>, during which workmanship, technology, and luminosity are carefully checked.<\/p>\n<p>Only when everything meets our high standards is the illuminated advertising securely packaged for transport and prepared for shipping. The result is a product that looks great, is technically reliable, and arrives at your premises in top condition.<\/p><\/div><div class=\"x-div e98-e28 m2q-s m2q-t m2q-w\"><a class=\"x-anchor x-anchor-button e98-e29 m2q-10\" tabindex=\"0\" href=\"\/en\/lieferung-montage\/\"><div class=\"x-anchor-content\"><div class=\"x-anchor-text\"><span class=\"x-anchor-text-primary\">Continue to the next step <\/span><\/div><\/div><\/a><\/div><\/div><\/div><\/div><\/div><div class=\"x-section x-hide-md x-hide-sm x-hide-xs e98-e30 m2q-0 m2q-7 m2q-8 m2q-9\"><div class=\"x-bg\" aria-hidden=\"true\"><div class=\"x-bg-layer-lower-image\" data-x-element-bg-layer=\"{&quot;parallaxSize&quot;:&quot;150%&quot;,&quot;parallaxDir&quot;:&quot;v&quot;,&quot;parallaxRev&quot;:false}\" style=\" background-image: url(https:\/\/luki-lichtwerbung.de\/wp-content\/uploads\/2025\/10\/umruestung-luki-lichtwerbung.webp); background-repeat: no-repeat; background-position: center; background-size: cover;\"><\/div><\/div><div class=\"x-row x-container max width e98-e31 m2q-b m2q-c m2q-d m2q-k\"><div class=\"x-row-inner\"><div class=\"x-col e98-e32 m2q-o\"><hr class=\"x-line e98-e33 m2q-r\"\/><\/div><\/div><\/div><\/div><div class=\"x-section x-hide-lg x-hide-xl e98-e34 m2q-0 m2q-7 m2q-8 m2q-9\"><div class=\"x-bg\" aria-hidden=\"true\"><div class=\"x-bg-layer-lower-image\" data-x-element-bg-layer=\"{&quot;parallaxSize&quot;:&quot;220%&quot;,&quot;parallaxDir&quot;:&quot;h&quot;,&quot;parallaxRev&quot;:false}\" style=\" background-image: url(https:\/\/luki-lichtwerbung.de\/wp-content\/uploads\/2025\/10\/umruestung-luki-lichtwerbung-mobile.webp); background-repeat: no-repeat; background-position: center; background-size: cover;\"><\/div><div class=\"x-bg-layer-upper-color\" style=\" background-color: #03487730;\"><\/div><\/div><div class=\"x-row x-container max width e98-e35 m2q-b m2q-c m2q-d m2q-l\"><div class=\"x-row-inner\"><div class=\"x-col e98-e36 m2q-o\"><hr class=\"x-line e98-e37 m2q-r\"\/><\/div><\/div><\/div><\/div><\/div>","protected":false},"excerpt":{"rendered":"<p>Produktion Made in Germany Jetzt Kontakt aufnehmenNach deiner Freigabe beginnt die ma\u00dfgeschneiderte Produktion deiner Lichtwerbung. Ob Einzelanfertigung oder Serienproduktion \u2013 jeder Auftrag wird nach den spezifischen Anforderungen und dem gew\u00fcnschten Design umgesetzt. Deshalb richten sich die einzelnen Fertigungsschritte genau nach Produktart, Gr\u00f6\u00dfe, Material und Technik. Unsere Fertigung vereint bew\u00e4hrtes Handwerk mit modernster Technologie. Je nach Ausf\u00fchrung durchl\u00e4uft deine Lichtwerbung verschiedene &#8230; <\/p>\n<div><a href=\"https:\/\/luki-lichtwerbung.de\/en\/produktion-made-in-germany\/\" class=\"more-link\">Read More<\/a><\/div>","protected":false},"author":1,"featured_media":0,"parent":0,"menu_order":0,"comment_status":"closed","ping_status":"closed","template":"template-blank-4.php","meta":{"footnotes":""},"class_list":["post-98","page","type-page","status-publish","hentry","no-post-thumbnail"],"yoast_head":"<!-- This site is optimized with the Yoast SEO plugin v26.8 - https:\/\/yoast.com\/product\/yoast-seo-wordpress\/ -->\n<title>Produktion - Lichtwerbung<\/title>\n<meta name=\"robots\" content=\"index, follow, max-snippet:-1, max-image-preview:large, max-video-preview:-1\" \/>\n<link rel=\"canonical\" href=\"https:\/\/luki-lichtwerbung.de\/en\/produktion-made-in-germany\/\" \/>\n<meta property=\"og:locale\" content=\"en_US\" \/>\n<meta property=\"og:type\" content=\"article\" \/>\n<meta property=\"og:title\" content=\"Produktion - Lichtwerbung\" \/>\n<meta property=\"og:description\" content=\"Produktion Made in Germany Jetzt Kontakt aufnehmenNach deiner Freigabe beginnt die ma\u00dfgeschneiderte Produktion deiner Lichtwerbung. Ob Einzelanfertigung oder Serienproduktion \u2013 jeder Auftrag wird nach den spezifischen Anforderungen und dem gew\u00fcnschten Design umgesetzt. Deshalb richten sich die einzelnen Fertigungsschritte genau nach Produktart, Gr\u00f6\u00dfe, Material und Technik. Unsere Fertigung vereint bew\u00e4hrtes Handwerk mit modernster Technologie. Je nach Ausf\u00fchrung durchl\u00e4uft deine Lichtwerbung verschiedene ... Read More\" \/>\n<meta property=\"og:url\" content=\"https:\/\/luki-lichtwerbung.de\/en\/produktion-made-in-germany\/\" \/>\n<meta property=\"og:site_name\" content=\"Lichtwerbung\" \/>\n<meta property=\"article:modified_time\" content=\"2025-10-13T15:31:59+00:00\" \/>\n<meta name=\"twitter:card\" content=\"summary_large_image\" \/>\n<meta name=\"twitter:label1\" content=\"Est. reading time\" \/>\n\t<meta name=\"twitter:data1\" content=\"3 minutes\" \/>\n<script type=\"application\/ld+json\" class=\"yoast-schema-graph\">{\"@context\":\"https:\/\/schema.org\",\"@graph\":[{\"@type\":\"WebPage\",\"@id\":\"https:\/\/luki-lichtwerbung.de\/produktion-made-in-germany\/\",\"url\":\"https:\/\/luki-lichtwerbung.de\/produktion-made-in-germany\/\",\"name\":\"Produktion - Lichtwerbung\",\"isPartOf\":{\"@id\":\"https:\/\/luki-lichtwerbung.de\/#website\"},\"datePublished\":\"2025-03-25T21:56:02+00:00\",\"dateModified\":\"2025-10-13T15:31:59+00:00\",\"breadcrumb\":{\"@id\":\"https:\/\/luki-lichtwerbung.de\/produktion-made-in-germany\/#breadcrumb\"},\"inLanguage\":\"en-US\",\"potentialAction\":[{\"@type\":\"ReadAction\",\"target\":[\"https:\/\/luki-lichtwerbung.de\/produktion-made-in-germany\/\"]}]},{\"@type\":\"BreadcrumbList\",\"@id\":\"https:\/\/luki-lichtwerbung.de\/produktion-made-in-germany\/#breadcrumb\",\"itemListElement\":[{\"@type\":\"ListItem\",\"position\":1,\"name\":\"Start\",\"item\":\"https:\/\/luki-lichtwerbung.de\/\"},{\"@type\":\"ListItem\",\"position\":2,\"name\":\"Produktion\"}]},{\"@type\":\"WebSite\",\"@id\":\"https:\/\/luki-lichtwerbung.de\/#website\",\"url\":\"https:\/\/luki-lichtwerbung.de\/\",\"name\":\"Lichtwerbung\",\"description\":\"\",\"publisher\":{\"@id\":\"https:\/\/luki-lichtwerbung.de\/#organization\"},\"potentialAction\":[{\"@type\":\"SearchAction\",\"target\":{\"@type\":\"EntryPoint\",\"urlTemplate\":\"https:\/\/luki-lichtwerbung.de\/?s={search_term_string}\"},\"query-input\":{\"@type\":\"PropertyValueSpecification\",\"valueRequired\":true,\"valueName\":\"search_term_string\"}}],\"inLanguage\":\"en-US\"},{\"@type\":\"Organization\",\"@id\":\"https:\/\/luki-lichtwerbung.de\/#organization\",\"name\":\"Lichtwerbung\",\"url\":\"https:\/\/luki-lichtwerbung.de\/\",\"logo\":{\"@type\":\"ImageObject\",\"inLanguage\":\"en-US\",\"@id\":\"https:\/\/luki-lichtwerbung.de\/#\/schema\/logo\/image\/\",\"url\":\"https:\/\/luki-lichtwerbung.de\/wp-content\/uploads\/2025\/03\/Logo-Luki-New.png\",\"contentUrl\":\"https:\/\/luki-lichtwerbung.de\/wp-content\/uploads\/2025\/03\/Logo-Luki-New.png\",\"width\":650,\"height\":192,\"caption\":\"Lichtwerbung\"},\"image\":{\"@id\":\"https:\/\/luki-lichtwerbung.de\/#\/schema\/logo\/image\/\"},\"sameAs\":[\"https:\/\/www.instagram.com\/luki.lichtwerbung\/\"]}]}<\/script>\n<!-- \/ Yoast SEO plugin. -->","yoast_head_json":{"title":"Produktion - Lichtwerbung","robots":{"index":"index","follow":"follow","max-snippet":"max-snippet:-1","max-image-preview":"max-image-preview:large","max-video-preview":"max-video-preview:-1"},"canonical":"https:\/\/luki-lichtwerbung.de\/en\/produktion-made-in-germany\/","og_locale":"en_US","og_type":"article","og_title":"Produktion - Lichtwerbung","og_description":"Produktion Made in Germany Jetzt Kontakt aufnehmenNach deiner Freigabe beginnt die ma\u00dfgeschneiderte Produktion deiner Lichtwerbung. Ob Einzelanfertigung oder Serienproduktion \u2013 jeder Auftrag wird nach den spezifischen Anforderungen und dem gew\u00fcnschten Design umgesetzt. Deshalb richten sich die einzelnen Fertigungsschritte genau nach Produktart, Gr\u00f6\u00dfe, Material und Technik. Unsere Fertigung vereint bew\u00e4hrtes Handwerk mit modernster Technologie. Je nach Ausf\u00fchrung durchl\u00e4uft deine Lichtwerbung verschiedene ... Read More","og_url":"https:\/\/luki-lichtwerbung.de\/en\/produktion-made-in-germany\/","og_site_name":"Lichtwerbung","article_modified_time":"2025-10-13T15:31:59+00:00","twitter_card":"summary_large_image","twitter_misc":{"Est. reading time":"3 minutes"},"schema":{"@context":"https:\/\/schema.org","@graph":[{"@type":"WebPage","@id":"https:\/\/luki-lichtwerbung.de\/produktion-made-in-germany\/","url":"https:\/\/luki-lichtwerbung.de\/produktion-made-in-germany\/","name":"Produktion - Lichtwerbung","isPartOf":{"@id":"https:\/\/luki-lichtwerbung.de\/#website"},"datePublished":"2025-03-25T21:56:02+00:00","dateModified":"2025-10-13T15:31:59+00:00","breadcrumb":{"@id":"https:\/\/luki-lichtwerbung.de\/produktion-made-in-germany\/#breadcrumb"},"inLanguage":"en-US","potentialAction":[{"@type":"ReadAction","target":["https:\/\/luki-lichtwerbung.de\/produktion-made-in-germany\/"]}]},{"@type":"BreadcrumbList","@id":"https:\/\/luki-lichtwerbung.de\/produktion-made-in-germany\/#breadcrumb","itemListElement":[{"@type":"ListItem","position":1,"name":"Start","item":"https:\/\/luki-lichtwerbung.de\/"},{"@type":"ListItem","position":2,"name":"Produktion"}]},{"@type":"WebSite","@id":"https:\/\/luki-lichtwerbung.de\/#website","url":"https:\/\/luki-lichtwerbung.de\/","name":"Illuminated Advertising","description":"","publisher":{"@id":"https:\/\/luki-lichtwerbung.de\/#organization"},"potentialAction":[{"@type":"SearchAction","target":{"@type":"EntryPoint","urlTemplate":"https:\/\/luki-lichtwerbung.de\/?s={search_term_string}"},"query-input":{"@type":"PropertyValueSpecification","valueRequired":true,"valueName":"search_term_string"}}],"inLanguage":"en-US"},{"@type":"Organization","@id":"https:\/\/luki-lichtwerbung.de\/#organization","name":"Illuminated Advertising","url":"https:\/\/luki-lichtwerbung.de\/","logo":{"@type":"ImageObject","inLanguage":"en-US","@id":"https:\/\/luki-lichtwerbung.de\/#\/schema\/logo\/image\/","url":"https:\/\/luki-lichtwerbung.de\/wp-content\/uploads\/2025\/03\/Logo-Luki-New.png","contentUrl":"https:\/\/luki-lichtwerbung.de\/wp-content\/uploads\/2025\/03\/Logo-Luki-New.png","width":650,"height":192,"caption":"Lichtwerbung"},"image":{"@id":"https:\/\/luki-lichtwerbung.de\/#\/schema\/logo\/image\/"},"sameAs":["https:\/\/www.instagram.com\/luki.lichtwerbung\/"]}]}},"_links":{"self":[{"href":"https:\/\/luki-lichtwerbung.de\/en\/wp-json\/wp\/v2\/pages\/98","targetHints":{"allow":["GET"]}}],"collection":[{"href":"https:\/\/luki-lichtwerbung.de\/en\/wp-json\/wp\/v2\/pages"}],"about":[{"href":"https:\/\/luki-lichtwerbung.de\/en\/wp-json\/wp\/v2\/types\/page"}],"author":[{"embeddable":true,"href":"https:\/\/luki-lichtwerbung.de\/en\/wp-json\/wp\/v2\/users\/1"}],"replies":[{"embeddable":true,"href":"https:\/\/luki-lichtwerbung.de\/en\/wp-json\/wp\/v2\/comments?post=98"}],"version-history":[{"count":13,"href":"https:\/\/luki-lichtwerbung.de\/en\/wp-json\/wp\/v2\/pages\/98\/revisions"}],"predecessor-version":[{"id":1069,"href":"https:\/\/luki-lichtwerbung.de\/en\/wp-json\/wp\/v2\/pages\/98\/revisions\/1069"}],"wp:attachment":[{"href":"https:\/\/luki-lichtwerbung.de\/en\/wp-json\/wp\/v2\/media?parent=98"}],"curies":[{"name":"wp","href":"https:\/\/api.w.org\/{rel}","templated":true}]}}